{"id":153,"date":"2015-11-22T12:34:41","date_gmt":"2015-11-22T12:34:41","guid":{"rendered":"http:\/\/skilled.aislinthemes.com\/?page_id=9843"},"modified":"2020-03-02T13:44:30","modified_gmt":"2020-03-02T13:44:30","slug":"inicio","status":"publish","type":"page","link":"https:\/\/www.steameducativo.com\/makeblock\/","title":{"rendered":"Inicio"},"content":{"rendered":"<p>[vc_row][vc_column css=&#8221;.vc_custom_1494242107012{margin-bottom: 0px !important;}&#8221;][layerslider_vc id=&#8221;4&#8243;][\/vc_column][\/vc_row][vc_row full_width=&#8221;stretch_row&#8221; bg_type=&#8221;image&#8221; parallax_style=&#8221;vcpb-default&#8221; bg_image_repeat=&#8221;no-repeat&#8221; bg_image_size=&#8221;initial&#8221; bg_img_attach=&#8221;fixed&#8221; bg_override=&#8221;ex-full&#8221; seperator_enable=&#8221;off&#8221; is_container=&#8221;1&#8243; css=&#8221;.vc_custom_1506445193976{margin-top: 25px !important;margin-bottom: 35px !important;padding-top: 0px !important;background-color: #ffffff !important;background-position: 0 0 !important;background-repeat: no-repeat !important;}&#8221; row_id=&#8221;our-services&#8221;][vc_column][vc_row_inner css=&#8221;.vc_custom_1450268288642{margin-top: 0px !important;}&#8221;][vc_column_inner width=&#8221;1\/2&#8243; css=&#8221;.vc_custom_1450263827594{margin-top: 0px !important;padding-right: 20px !important;}&#8221;]<div id=\"ultimate-heading-962469e1aaccbf890\" class=\"uvc-heading ult-adjust-bottom-margin ultimate-heading-962469e1aaccbf890 uvc-2026 \" data-hspacer=\"line_only\"  data-halign=\"left\" style=\"text-align:left\"><div class=\"uvc-main-heading ult-responsive\"  data-ultimate-target='.uvc-heading.ultimate-heading-962469e1aaccbf890 h2'  data-responsive-json-new='{\"font-size\":\"desktop:29px;\",\"line-height\":\"desktop:42px;\"}' ><h2 style=\"font-family:'Raleway';font-weight:bold;color:#213d8d;margin-bottom:0px;\">DO IT YOURSELF <em>(\u201cHazlo t\u00fa mismo\u201d)<\/em><\/h2><\/div><div class=\"uvc-sub-heading ult-responsive\"  data-ultimate-target='.uvc-heading.ultimate-heading-962469e1aaccbf890 .uvc-sub-heading '  data-responsive-json-new='{\"font-size\":\"desktop:15px;\",\"line-height\":\"desktop:30px;\"}'  style=\"font-family:'Raleway';font-weight:500;color:#333333;margin-bottom:20px;\"><\/p>\n<p style=\"text-align: justify; font-size: 18px !important;\">Si eres de la nueva <em>generaci\u00f3n maker<\/em> o si te gustar\u00eda serlo, Makeblock es la soluci\u00f3n perfecta para vos. Est\u00e1 pensado para acompa\u00f1arte en tus primeros pasos en el mundo STEAM a trav\u00e9s de la rob\u00f3tica y la programaci\u00f3n. Tambi\u00e9n disponemos de soluciones intermedias y avanzadas.<\/p>\n<p><em>\u201cSi hici\u00e9ramos todas las cosas que somos capaces de hacer, nos sorprender\u00edamos a nosotros mismos\u201d<\/em><\/p>\n<p><em>Thomas Edison, Inventor<\/em><\/div><div class=\"uvc-heading-spacer line_only\" style=\"margin-bottom:5px;height:5px;\"><span class=\"uvc-headings-line\" style=\"border-style:solid;border-bottom-width:5px;border-color:#49a2a8;width:15px;\"><\/span><\/div><\/div>[\/vc_column_inner][vc_column_inner width=&#8221;1\/2&#8243;][vc_video link=&#8221;https:\/\/www.youtube.com\/watch?v=5jH3Owh-m_g&#8221;][\/vc_column_inner][\/vc_row_inner][\/vc_column][\/vc_row][vc_row full_width=&#8221;stretch_row&#8221; css=&#8221;.vc_custom_1504711282182{margin-bottom: 0px !important;padding-top: 30px !important;padding-bottom: 40px !important;background-color: #ff901e !important;}&#8221;][vc_column width=&#8221;1\/2&#8243; css=&#8221;.vc_custom_1519418724890{margin-bottom: 0px !important;padding-top: 5px !important;}&#8221;][vc_custom_heading text=&#8221;Haga que su instituci\u00f3n<br \/>\neducativa sea parte del mundo STEAM&#8221; font_container=&#8221;tag:h5|font_size:30px|text_align:left|color:%23ffffff|line_height:42px&#8221; use_theme_fonts=&#8221;yes&#8221; css=&#8221;.vc_custom_1519418706758{margin-bottom: 0px !important;padding-top: 4px !important;}&#8221;][\/vc_column][vc_column width=&#8221;1\/2&#8243; css=&#8221;.vc_custom_1498741944232{margin-bottom: 0px !important;}&#8221;][vc_row_inner][vc_column_inner css=&#8221;.vc_custom_1498741949111{margin-bottom: 0px !important;}&#8221;][vc_btn title=&#8221;CONTACTENOS&#8221; style=&#8221;flat&#8221; shape=&#8221;square&#8221; align=&#8221;right&#8221; i_icon_fontawesome=&#8221;fa fa-envelope-o&#8221; add_icon=&#8221;true&#8221; link=&#8221;url:https%3A%2F%2Fwww.steameducativo.com%2Fmakeblock%2Fcontactos%2F|||&#8221; el_class=&#8221;btn_contactenos_home&#8221; css=&#8221;.vc_custom_1575385411571{margin-top: 4px !important;}&#8221;][\/vc_column_inner][\/vc_row_inner][\/vc_column][\/vc_row][vc_row full_width=&#8221;stretch_row&#8221; css=&#8221;.vc_custom_1504711662348{margin-top: 0px !important;padding-top: 35px !important;padding-bottom: 40px !important;background-image: url(https:\/\/steameducativo.com\/makeblock\/wp-content\/uploads\/2015\/11\/BG-Slider-1.jpg?id=549) !important;}&#8221;][vc_column][vc_custom_heading text=&#8221;<b>\u00bfQu\u00e9 puede hacer Makeblock por ti?<\/b>&#8221; font_container=&#8221;tag:h3|font_size:38px|text_align:center|color:%23303030&#8243; use_theme_fonts=&#8221;yes&#8221; css=&#8221;.vc_custom_1506522021439{margin-top: 0px !important;margin-bottom: 15px !important;}&#8221;][layerslider_vc id=&#8221;9&#8243;][\/vc_column][\/vc_row][vc_row css=&#8221;.vc_custom_1494847649978{margin-top: 40px !important;margin-bottom: 35px !important;}&#8221;][vc_column][vc_custom_heading text=&#8221;<b>Noticias sobre STEAM<\/b>&#8221; font_container=&#8221;tag:h3|font_size:38px|text_align:center|color:%2357585a&#8221; use_theme_fonts=&#8221;yes&#8221; css=&#8221;.vc_custom_1506697534920{margin-top: 10px !important;margin-bottom: 15px !important;padding-bottom: 15px !important;}&#8221;][vc_raw_html]JTNDZGl2JTIwY2xhc3MlM0QlMjJ1dmMtaGVhZGluZy1zcGFjZXIlMjBsaW5lX29ubHklMjIlMjBzdHlsZSUzRCUyMm1hcmdpbi1ib3R0b20lM0E0NXB4JTNCaGVpZ2h0JTNBNXB4JTNCJTIyJTNFJTNDc3BhbiUyMGNsYXNzJTNEJTIydXZjLWhlYWRpbmdzLWxpbmUlMjBoZWFkaW5nX2xpbmVfY3VzdG9tJTIyJTIwc3R5bGUlM0QlMjJib3JkZXItc3R5bGUlM0ElMjBzb2xpZCUzQiUyMGJvcmRlci1ib3R0b20lM0ElMjA1cHglMjBzb2xpZCUyMHJnYiUyODczJTJDJTIwMTYyJTJDJTIwMTY4JTI5JTNCJTIwYm9yZGVyLWNvbG9yJTNBJTIwcmdiJTI4NzMlMkMlMjAxNjIlMkMlMjAxNjglMjklM0IlMjBtYXgtd2lkdGglM0ElMjAxOTBweCUzQiUyMGRpc3BsYXklM0FibG9jayUzQm1hcmdpbiUzQTAlMjBhdXRvJTIyJTNFJTNDJTJGc3BhbiUzRSUzQyUyRmRpdiUzRQ==[\/vc_raw_html][vc_raw_html]JTNDZGl2JTIwY2xhc3MlM0QlMjJsaW5wLXBvc3QtbGlzdCUyMCUyMiUzRSUwQSUyMCUyMCUyMCUyMCUzQ2RpdiUyMGNsYXNzJTNEJTIydmNfcm93JTIyJTNFJTBBJTIwJTIwJTIwJTIwJTIwJTIwJTIwJTIwJTNDZGl2JTIwY2xhc3MlM0QlMjJ3aC1wYWRkaW5nJTIwaXRlbSUyMG9uZSUyMHRoaXJkJTIyJTNFJTBBJTIwJTIwJTIwJTIwJTIwJTIwJTIwJTIwJTIwJTIwJTIwJTIwJTNDZGl2JTIwY2xhc3MlM0QlMjJpbWctY29udGFpbmVyJTIyJTNFJTBBJTIwJTIwJTIwJTIwJTIwJTIwJTIwJTIwJTIwJTIwJTIwJTIwJTIwJTIwJTIwJTIwJTNDYSUyMGhyZWYlM0QlMjJodHRwcyUzQSUyRiUyRnd3dy5zdGVhbWVkdWNhdGl2by5jb20lMkZzdGVhbS11bi1zaXN0ZW1hLWRlLWVuc2VuYW56YS1kZWwtcHJlc2VudGUtcGFyYS1lbC1mdXR1cm8lMkYlMjIlMjB0aXRsZSUzRCUyMlNURUFNJTNBJTIwJUMyJUJGVW4lMjBzaXN0ZW1hJTIwZGUlMjBFbnNlJUMzJUIxYW56YSUyMGRlbCUyMHByZXNlbnRlJTIwcGFyYSUyMGVsJTIwZnV0dXJvJTNGJTIyJTIwdGFyZ2V0JTNEJTIyX2JsYW5rJTIyJTNFJTNDaW1nJTIwc3JjJTNEJTIyaHR0cHMlM0ElMkYlMkZzdGVhbWVkdWNhdGl2by5jb20lMkZtYWtlYmxvY2slMkZ3cC1jb250ZW50JTJGdXBsb2FkcyUyRjIwMTclMkYxMCUyRmFydGljdWxvLTMtbWluLTgzNXg1MDAtbWluLmpwZyUyMiUyMGNsYXNzJTNEJTIycG9zdC1saXN0LXRodW1iJTIwd3AtcG9zdC1pbWFnZSUyMiUyMGFsdCUzRCUyMiUyMiUyMHdpZHRoJTNEJTIyODM1JTIyJTIwaGVpZ2h0JTNEJTIyNTAwJTIyJTNFJTNDJTJGYSUzRSUwQSUyMCUyMCUyMCUyMCUyMCUyMCUyMCUyMCUyMCUyMCUyMCUyMCUzQyUyRmRpdiUzRSUwQSUyMCUyMCUyMCUyMCUyMCUyMCUyMCUyMCUyMCUyMCUyMCUyMCUzQ2RpdiUyMGNsYXNzJTNEJTIyZGF0YSUyMiUzRSUwQSUyMCUyMCUyMCUyMCUyMCUyMCUyMCUyMCUyMCUyMCUyMCUyMCUyMCUyMCUyMCUyMCUzQ2g2JTNFJTNDYSUyMHRpdGxlJTNEJTIyU1RFQU0lM0ElMjAlQzIlQkZVbiUyMHNpc3RlbWElMjBkZSUyMEVuc2UlQzMlQjFhbnphJTIwZGVsJTIwcHJlc2VudGUlMjBwYXJhJTIwZWwlMjBmdXR1cm8lM0YlMjIlMjBocmVmJTNEJTIyaHR0cHMlM0ElMkYlMkZ3d3cuc3RlYW1lZHVjYXRpdm8uY29tJTJGc3RlYW0tdW4tc2lzdGVtYS1kZS1lbnNlbmFuemEtZGVsLXByZXNlbnRlLXBhcmEtZWwtZnV0dXJvJTJGJTIyJTIwdGFyZ2V0JTNEJTIyX2JsYW5rJTIyJTNFU1RFQU0lM0ElMjAlQzIlQkZVbiUyMHNpc3RlbWElMjBkZSUyMEVuc2UlQzMlQjFhbnphJTIwZGVsJTIwcHJlc2VudGUlMjBwYXJhJTIwZWwlMjBmdXR1cm8lM0YlM0MlMkZhJTNFJTNDJTJGaDYlM0UlMEElMjAlMjAlMjAlMjAlMjAlMjAlMjAlMjAlMjAlMjAlMjAlMjAlMjAlMjAlMjAlMjAlM0NkaXYlMjBjbGFzcyUzRCUyMmNvbnRlbnQlMjIlM0UlMEElMjAlMjAlMjAlMjAlMjAlMjAlMjAlMjAlMjAlMjAlMjAlMjAlMjAlMjAlMjAlMjAlMjAlMjAlMjAlMjAlM0NwJTNFQW50ZXMlMjBkZSUyMGFudGljaXBhcm5vcyUyMGVuJTIwaGFjZXIlMjB1biUyMGJyZXZlJTIwYW4lQzMlQTFsaXNpcyUyMHNvYnJlJTIwZXN0YSUyMHBvc2liaWxpZGFkJTJDJTIwYWRlbnRyJUMzJUE5bW9ub3MlMjBhbCUyMGNvbmNlcHRvJTIwU1RFQU0lRTIlODAlQTYlM0MlMkZwJTNFJTBBJTIwJTIwJTIwJTIwJTIwJTIwJTIwJTIwJTIwJTIwJTIwJTIwJTIwJTIwJTIwJTIwJTNDJTJGZGl2JTNFJTBBJTIwJTIwJTIwJTIwJTIwJTIwJTIwJTIwJTIwJTIwJTIwJTIwJTIwJTIwJTIwJTIwJTNDaHIlM0UlMEElMjAlMjAlMjAlMjAlMjAlMjAlMjAlMjAlMjAlMjAlMjAlMjAlM0MlMkZkaXYlM0UlMEElMjAlMjAlMjAlMjAlMjAlMjAlMjAlMjAlM0MlMkZkaXYlM0UlMEElMjAlMjAlMjAlMjAlMjAlMjAlMjAlMjAlM0NkaXYlMjBjbGFzcyUzRCUyMndoLXBhZGRpbmclMjBpdGVtJTIwb25lJTIwdGhpcmQlMjIlM0UlMEElMjAlMjAlMjAlMjAlMjAlMjAlMjAlMjAlMjAlMjAlMjAlMjAlM0NkaXYlMjBjbGFzcyUzRCUyMmltZy1jb250YWluZXIlMjIlM0UlMEElMjAlMjAlMjAlMjAlMjAlMjAlMjAlMjAlMjAlMjAlMjAlMjAlMjAlMjAlMjAlMjAlM0NhJTIwaHJlZiUzRCUyMmh0dHBzJTNBJTJGJTJGd3d3LnN0ZWFtZWR1Y2F0aXZvLmNvbSUyRnN0ZWFtLWVkdWNhdGl2by1wb3ItcXVlLWxvLWVtcHJlbmRlbW9zJTJGJTIyJTIwdGl0bGUlM0QlMjJTVEVBTSUyMEVkdWNhdGl2byUzQSUyMCVDMiVCRlBvciUyMHF1JUMzJUE5JTIwbG8lMjBlbXByZW5kZW1vcyUzRiUyMiUzRSUzQ2ltZyUyMHNyYyUzRCUyMmh0dHBzJTNBJTJGJTJGc3RlYW1lZHVjYXRpdm8uY29tJTJGbWFrZWJsb2NrJTJGd3AtY29udGVudCUyRnVwbG9hZHMlMkYyMDE3JTJGMTAlMkZhcnRpY3Vsby0yLW1pbi0xLTgzNXg1MDAtbWluLmpwZyUyMiUyMGNsYXNzJTNEJTIycG9zdC1saXN0LXRodW1iJTIwd3AtcG9zdC1pbWFnZSUyMiUyMGFsdCUzRCUyMiUyMiUyMHdpZHRoJTNEJTIyODM1JTIyJTIwaGVpZ2h0JTNEJTIyNTAwJTIyJTIwdGFyZ2V0JTNEJTIyX2JsYW5rJTIyJTNFJTNDJTJGYSUzRSUwQSUyMCUyMCUyMCUyMCUyMCUyMCUyMCUyMCUyMCUyMCUyMCUyMCUzQyUyRmRpdiUzRSUwQSUyMCUyMCUyMCUyMCUyMCUyMCUyMCUyMCUyMCUyMCUyMCUyMCUzQ2RpdiUyMGNsYXNzJTNEJTIyZGF0YSUyMiUzRSUwQSUyMCUyMCUyMCUyMCUyMCUyMCUyMCUyMCUyMCUyMCUyMCUyMCUyMCUyMCUyMCUyMCUzQ2g2JTNFJTNDYSUyMHRpdGxlJTNEJTIyU1RFQU0lMjBFZHVjYXRpdm8lM0ElMjAlQzIlQkZQb3IlMjBxdSVDMyVBOSUyMGxvJTIwZW1wcmVuZGVtb3MlM0YlMjIlMjBocmVmJTNEJTIyaHR0cHMlM0ElMkYlMkZ3d3cuc3RlYW1lZHVjYXRpdm8uY29tJTJGc3RlYW0tZWR1Y2F0aXZvLXBvci1xdWUtbG8tZW1wcmVuZGVtb3MlMkYlMjIlMjB0YXJnZXQlM0QlMjJfYmxhbmslMjIlM0VTVEVBTSUyMEVkdWNhdGl2byUzQSUyMCVDMiVCRlBvciUyMHF1JUMzJUE5JTIwbG8lMjBlbXByZW5kZW1vcyUzRiUzQyUyRmElM0UlM0MlMkZoNiUzRSUwQSUyMCUyMCUyMCUyMCUyMCUyMCUyMCUyMCUyMCUyMCUyMCUyMCUyMCUyMCUyMCUyMCUzQ2RpdiUyMGNsYXNzJTNEJTIyY29udGVudCUyMiUzRSUwQSUyMCUyMCUyMCUyMCUyMCUyMCUyMCUyMCUyMCUyMCUyMCUyMCUyMCUyMCUyMCUyMCUyMCUyMCUyMCUyMCUzQ3AlM0UlMjZuYnNwJTNCU2ltcGxlbWVudGUlMjBwb3IlMjBjdWF0cm8lMjByYXpvbmVzJTNBJTIwUG9ycXVlJTIwbm9zJTIwYXBhc2lvbmElMjBsYSUyMGVkdWNhY2klQzMlQjNuJTIwUG9ycXVlJTIwbm9zJTIwYXBhc2lvbmFuJTIwbGFzJTIwdGVjbm9sb2clQzMlQURhcyUyMFBvcnF1ZSVFMiU4MCVBNiUzQyUyRnAlM0UlMEElMjAlMjAlMjAlMjAlMjAlMjAlMjAlMjAlMjAlMjAlMjAlMjAlMjAlMjAlMjAlMjAlM0MlMkZkaXYlM0UlMEElMjAlMjAlMjAlMjAlMjAlMjAlMjAlMjAlMjAlMjAlMjAlMjAlMjAlMjAlMjAlMjAlM0NociUzRSUwQSUyMCUyMCUyMCUyMCUyMCUyMCUyMCUyMCUyMCUyMCUyMCUyMCUzQyUyRmRpdiUzRSUwQSUyMCUyMCUyMCUyMCUyMCUyMCUyMCUyMCUzQyUyRmRpdiUzRSUwQSUyMCUyMCUyMCUyMCUyMCUyMCUyMCUyMCUzQ2RpdiUyMGNsYXNzJTNEJTIyd2gtcGFkZGluZyUyMGl0ZW0lMjBvbmUlMjB0aGlyZCUyMiUzRSUwQSUyMCUyMCUyMCUyMCUyMCUyMCUyMCUyMCUyMCUyMCUyMCUyMCUzQ2RpdiUyMGNsYXNzJTNEJTIyaW1nLWNvbnRhaW5lciUyMiUzRSUwQSUyMCUyMCUyMCUyMCUyMCUyMCUyMCUyMCUyMCUyMCUyMCUyMCUyMCUyMCUyMCUyMCUzQ2ElMjBocmVmJTNEJTIyaHR0cHMlM0ElMkYlMkZ3d3cuc3RlYW1lZHVjYXRpdm8uY29tJTJGbGEtaW1wbGVtZW50YWNpb24tZGVsLXNpc3RlbWEtc3RlYW0tY29tby1wb2xpdGljYS1wdWJsaWNhJTJGJTIyJTIwdGl0bGUlM0QlMjJMYSUyMGltcGxlbWVudGFjaSVDMyVCM24lMjBkZWwlMjBTaXN0ZW1hJTIwU1RFQU0lMjBjb21vJTIwcG9sJUMzJUFEdGljYSUyMHAlQzMlQkFibGljYSUyMiUyMHRhcmdldCUzRCUyMl9ibGFuayUyMiUzRSUzQ2ltZyUyMHNyYyUzRCUyMmh0dHBzJTNBJTJGJTJGc3RlYW1lZHVjYXRpdm8uY29tJTJGbWFrZWJsb2NrJTJGd3AtY29udGVudCUyRnVwbG9hZHMlMkYyMDE3JTJGMTAlMkZhcnRpY3Vsby0xLW1pbi04MzV4NTAwLW1pbi5qcGclMjIlMjBjbGFzcyUzRCUyMnBvc3QtbGlzdC10aHVtYiUyMHdwLXBvc3QtaW1hZ2UlMjIlMjBhbHQlM0QlMjIlMjIlMjB3aWR0aCUzRCUyMjgzNSUyMiUyMGhlaWdodCUzRCUyMjUwMCUyMiUzRSUzQyUyRmElM0UlMEElMjAlMjAlMjAlMjAlMjAlMjAlMjAlMjAlMjAlMjAlMjAlMjAlM0MlMkZkaXYlM0UlMEElMjAlMjAlMjAlMjAlMjAlMjAlMjAlMjAlMjAlMjAlMjAlMjAlM0NkaXYlMjBjbGFzcyUzRCUyMmRhdGElMjIlM0UlMEElMjAlMjAlMjAlMjAlMjAlMjAlMjAlMjAlMjAlMjAlMjAlMjAlMjAlMjAlMjAlMjAlM0NoNiUzRSUzQ2ElMjB0aXRsZSUzRCUyMkxhJTIwaW1wbGVtZW50YWNpJUMzJUIzbiUyMGRlbCUyMFNpc3RlbWElMjBTVEVBTSUyMGNvbW8lMjBwb2wlQzMlQUR0aWNhJTIwcCVDMyVCQWJsaWNhJTIyJTIwaHJlZiUzRCUyMmh0dHBzJTNBJTJGJTJGd3d3LnN0ZWFtZWR1Y2F0aXZvLmNvbSUyRmxhLWltcGxlbWVudGFjaW9uLWRlbC1zaXN0ZW1hLXN0ZWFtLWNvbW8tcG9saXRpY2EtcHVibGljYSUyRiUyMiUyMHRhcmdldCUzRCUyMl9ibGFuayUyMiUzRUxhJTIwaW1wbGVtZW50YWNpJUMzJUIzbiUyMGRlbCUyMFNpc3RlbWElMjBTVEVBTSUyMGNvbW8lMjBwb2wlQzMlQUR0aWNhJTIwcCVDMyVCQWJsaWNhJTNDJTJGYSUzRSUzQyUyRmg2JTNFJTBBJTIwJTIwJTIwJTIwJTIwJTIwJTIwJTIwJTIwJTIwJTIwJTIwJTIwJTIwJTIwJTIwJTNDZGl2JTIwY2xhc3MlM0QlMjJjb250ZW50JTIyJTNFJTBBJTIwJTIwJTIwJTIwJTIwJTIwJTIwJTIwJTIwJTIwJTIwJTIwJTIwJTIwJTIwJTIwJTIwJTIwJTIwJTIwJTNDcCUzRUVsJTIwU2lzdGVtYSUyMFNURUFNJTIwcGFydGUlMjBkZSUyMGxhcyUyMHNpZ2xhcyUyMGVuJTIwaW5nbCVDMyVBOXMlM0ElMjBTY2llbmNlJTJDJTIwVGVjaG5vbG9neSUyQyUyMEVuZ2luZWVyaW5nJTJDJTIwQXJ0cyUyQyUyME1hdGhlbWF0aWNzJTIwJTI4Q2llbmNpYSUyQyVFMiU4MCVBNiUzQyUyRnAlM0UlMEElMjAlMjAlMjAlMjAlMjAlMjAlMjAlMjAlMjAlMjAlMjAlMjAlMjAlMjAlMjAlMjAlM0MlMkZkaXYlM0UlMEElMjAlMjAlMjAlMjAlMjAlMjAlMjAlMjAlMjAlMjAlMjAlMjAlMjAlMjAlMjAlMjAlM0NociUzRSUwQSUyMCUyMCUyMCUyMCUyMCUyMCUyMCUyMCUyMCUyMCUyMCUyMCUzQyUyRmRpdiUzRSUwQSUyMCUyMCUyMCUyMCUyMCUyMCUyMCUyMCUzQyUyRmRpdiUzRSUwQSUyMCUyMCUyMCUyMCUzQyUyRmRpdiUzRSUwQSUzQyUyRmRpdiUzRQ==[\/vc_raw_html][vc_btn title=&#8221;Ver todas las noticias&#8221; color=&#8221;default&#8221; align=&#8221;center&#8221; link=&#8221;url:https%3A%2F%2Fwww.steameducativo.com%2Farticulos-steam%2F|title:Ver%20todas%20als%20Noticias|target:%20_blank|&#8221; el_class=&#8221;btn_ver_noticias&#8221;][\/vc_column][\/vc_row][vc_row full_width=&#8221;stretch_row&#8221; gap=&#8221;25&#8243; bg_type=&#8221;image&#8221; parallax_style=&#8221;vcpb-default&#8221; bg_image_new=&#8221;id^13767|url^https:\/\/steameducativo.com\/make-block\/wp-content\/uploads\/2015\/11\/bg.jpg|caption^null|alt^null|title^bg|description^null&#8221; bg_image_repeat=&#8221;no-repeat&#8221; css=&#8221;.vc_custom_1507214546937{padding-top: 80px !important;padding-bottom: 80px !important;background-image: url(https:\/\/steameducativo.com\/makeblock\/wp-content\/uploads\/2015\/11\/bg-makeblock-min.jpg?id=741) !important;background-position: center !important;background-repeat: no-repeat !important;background-size: cover !important;}&#8221;][vc_column width=&#8221;1\/2&#8243; css=&#8221;.vc_custom_1504890229067{margin-top: 10% !important;margin-bottom: 10% !important;padding-top: 35px !important;padding-right: 50px !important;padding-bottom: 35px !important;padding-left: 50px !important;background-color: rgba(249,183,1,0.9) !important;*background-color: rgb(249,183,1) !important;}&#8221;]\n\t\t\t\t\t<div class=\"wh-theme-icon vc_custom_1497617326691 \" style=\"font-size:50px;position:absolute;color:#404042!important;\">\n\t\t\t\t<i class=\"icon-skilledbook1\" ><\/i>\n\t\t\t<\/div>\n\t\t\n\t\t[vc_custom_heading text=&#8221;<b>INSTITUCIONES<\/b> EDUCATIVAS&#8221; font_container=&#8221;tag:h2|font_size:26px|text_align:left|color:%23404042&#8243; use_theme_fonts=&#8221;yes&#8221; css=&#8221;.vc_custom_1504897107101{margin-top: 15px !important;padding-left: 70px !important;}&#8221;][vc_custom_heading text=&#8221;Deseamos que su Instituci\u00f3n sea parte de esta transformaci\u00f3n educacional. P\u00f3ngase en contacto con nosotros, con gusto le informaremos c\u00f3mo puede potenciar su enfoque curricular.&#8221; font_container=&#8221;tag:p|text_align:left|color:%23ffffff&#8221; use_theme_fonts=&#8221;yes&#8221; css=&#8221;.vc_custom_1506444823491{margin-bottom: 20px !important;padding-left: 70px !important;}&#8221;]<a href=\"https:\/\/www.steameducativo.com\/makeblock\/educacion\/\" class=\"wh-button vc_custom_1575385377046\" >+ Info<\/a>[\/vc_column][vc_column width=&#8221;1\/2&#8243; css=&#8221;.vc_custom_1504897239595{margin-top: 10% !important;margin-bottom: 10% !important;padding-top: 35px !important;padding-right: 50px !important;padding-bottom: 25px !important;padding-left: 50px !important;background-color: rgba(252,74,75,0.91) !important;*background-color: rgb(252,74,75) !important;}&#8221;]\n\t\t\t\t\t<div class=\"wh-theme-icon vc_custom_1497954855765 \" style=\"font-size:50px;position:absolute;color:#404042!important;\">\n\t\t\t\t<i class=\"icon-skilledbook-and-computer-mouse\" ><\/i>\n\t\t\t<\/div>\n\t\t\n\t\t[vc_custom_heading text=&#8221;<b>\u00bfD\u00d3NDE PUEDE APRENDER<\/b><br \/>\nCON NOSOTROS?&#8221; font_container=&#8221;tag:h2|font_size:26px|text_align:left|color:%23404042|line_height:26px&#8221; use_theme_fonts=&#8221;yes&#8221; css=&#8221;.vc_custom_1506522307770{margin-top: 15px !important;padding-left: 70px !important;}&#8221;][vc_custom_heading text=&#8221;Ent\u00e9rese de los lugares donde su hijo\/a puede recibir una educaci\u00f3n distinta y as\u00ed potenciar sus habilidades y oportunidades de crecimiento en el \u00e1mbito STEAM en Paraguay.&#8221; font_container=&#8221;tag:p|text_align:left|color:%23ffffff&#8221; use_theme_fonts=&#8221;yes&#8221; css=&#8221;.vc_custom_1506444842352{margin-bottom: 20px !important;padding-left: 70px !important;}&#8221;]<a href=\"https:\/\/www.steameducativo.com\/makeblock\/educacion\/\" class=\"wh-button vc_custom_1575385366250\" >+ Info<\/a>[\/vc_column][\/vc_row][vc_row][vc_column][vc_raw_html]JTNDZGl2JTIwY2xhc3MlM0QlMjJtLWNvb3BlcmF0aW9uJTIyJTNFJTBBJTNDaDIlMjBjbGFzcyUzRCUyMnUtdGl0bGUlMjIlM0VNQUtFQkxPQ0slMjBlbiUyMGVsJTIwbXVuZG8lM0MlMkZoMiUzRSUwQSUzQ2RpdiUyMGNsYXNzJTNEJTIydXZjLWhlYWRpbmctc3BhY2VyJTIwbGluZV9vbmx5JTIyJTIwc3R5bGUlM0QlMjJtYXJnaW4tdG9wJTNBMjVweCUzQm1hcmdpbi1ib3R0b20lM0E0NXB4JTNCaGVpZ2h0JTNBNXB4JTNCJTIyJTNFJTNDc3BhbiUyMGNsYXNzJTNEJTIydXZjLWhlYWRpbmdzLWxpbmUlMjBoZWFkaW5nX2xpbmVfY3VzdG9tJTIyJTIwc3R5bGUlM0QlMjJib3JkZXItc3R5bGUlM0ElMjBzb2xpZCUzQiUyMGJvcmRlci1ib3R0b20lM0ElMjA1cHglMjBzb2xpZCUyMHJnYiUyODczJTJDJTIwMTYyJTJDJTIwMTY4JTI5JTNCJTIwYm9yZGVyLWNvbG9yJTNBJTIwcmdiJTI4NzMlMkMlMjAxNjIlMkMlMjAxNjglMjklM0IlMjBtYXgtd2lkdGglM0ElMjAxOTBweCUzQiUyMGRpc3BsYXklM0FibG9jayUzQm1hcmdpbiUzQTAlMjBhdXRvJTIyJTNFJTNDJTJGc3BhbiUzRSUzQyUyRmRpdiUzRSUwQSUzQ2RpdiUyMGNsYXNzJTNEJTIydS1saXN0JTIyJTNFJTBBJTNDYSUyMGNsYXNzJTNEJTIydS1pdGVtLTMlMjIlMjBocmVmJTNEJTIyaHR0cHMlM0ElMkYlMkZ0ZWNoY3J1bmNoLmNvbSUyRjIwMTUlMkYwMyUyRjI1JTJGbWRyYXdib3RzLXdpbGwtZHJhdy1vbi15b3VyLXdhbGwtZmxvb3ItYW5kLWVnZ3MlMkYlMjIlMjB0YXJnZXQlM0QlMjJfYmxhbmslMjIlM0UlM0MlMkZhJTNFJTBBJTNDYSUyMGNsYXNzJTNEJTIydS1pdGVtLTEwJTIyJTIwaHJlZiUzRCUyMmh0dHBzJTNBJTJGJTJGbWFzaGFibGUuY29tJTJGMjAxNiUyRjAzJTJGMzElMkZjb2RleWJvdC1raWNrc3RhcnRlciUyRiUyMzNfdHBPYVdPeThxQSUyMiUyMHRhcmdldCUzRCUyMl9ibGFuayUyMiUzRSUzQyUyRmElM0UlMEElM0NhJTIwY2xhc3MlM0QlMjJ1LWl0ZW0tOCUyMiUyMGhyZWYlM0QlMjJodHRwcyUzQSUyRiUyRnd3dy53aXJlZC5jb20lMkYyMDEyJTJGMTIlMkZtYWtlYmxvY2slMkYlMjIlMjB0YXJnZXQlM0QlMjJfYmxhbmslMjIlM0UlM0MlMkZhJTNFJTBBJTNDYnIlM0UlMEElM0NhJTIwY2xhc3MlM0QlMjJ1LWl0ZW0tNSUyMiUyMGhyZWYlM0QlMjJodHRwcyUzQSUyRiUyRm1ha2V6aW5lLmNvbSUyRjIwMTMlMkYwOSUyRjExJTJGbWFrZWJsb2NrLXJvY2tzLWEtcm9ib3Qtc2V0JTJGJTIyJTIwdGFyZ2V0JTNEJTIyX2JsYW5rJTIyJTNFJTNDJTJGYSUzRSUwQSUzQ2ElMjBjbGFzcyUzRCUyMnUtaXRlbS00JTIyJTIwaHJlZiUzRCUyMmh0dHBzJTNBJTJGJTJGd3d3LmZvcmJlcy5jb20lMkZzaXRlcyUyRnRvbWlvZ2Vyb24lMkYyMDEyJTJGMDYlMkYxOCUyRmJ1aWxkaW5nLW9uLW1ha2VyLW1vdmVtZW50LWhhcmR3YXJlLXN0YXJ0dXBzLXBpdGNoLWF0LWhheGxyOHItZGVtby1kYXklMkYlMjIlMjB0YXJnZXQlM0QlMjJfYmxhbmslMjIlM0UlM0MlMkZhJTNFJTBBJTNDYSUyMGNsYXNzJTNEJTIydS1pdGVtLTExJTIyJTIwaHJlZiUzRCUyMmh0dHBzJTNBJTJGJTJGd3d3LnlvdXR1YmUuY29tJTJGd2F0Y2glM0Z2JTNEZEx1S0UwMl9sckklMjZhbXAlM0Jub3JlZGlyZWN0JTNEMSUyMiUyMHRhcmdldCUzRCUyMl9ibGFuayUyMiUzRSUzQyUyRmElM0UlMEElM0NhJTIwY2xhc3MlM0QlMjJ1LWl0ZW0tMSUyMiUyMGhyZWYlM0QlMjJodHRwcyUzQSUyRiUyRmVkaXRpb24uY25uLmNvbSUyRjIwMTIlMkYxMiUyRjE5JTJGdGVjaCUyRnJvYm90cy1sZWdvLWFkdWx0LXRveXMlMkYlMjIlMjB0YXJnZXQlM0QlMjJfYmxhbmslMjIlM0UlM0MlMkZhJTNFJTBBJTNDYSUyMGNsYXNzJTNEJTIydS1pdGVtLTEyJTIyJTIwaHJlZiUzRCUyMmh0dHBzJTNBJTJGJTJGd3d3LmxpdmVqb3VybmFsLmNvbSUyRm1hZ2F6aW5lJTJGMTQ0NzY1MC5odG1sJTIyJTIwdGFyZ2V0JTNEJTIyX2JsYW5rJTIyJTNFJTNDJTJGYSUzRSUwQSUzQ2ElMjBjbGFzcyUzRCUyMnUtaXRlbS0yJTIyJTIwaHJlZiUzRCUyMmh0dHBzJTNBJTJGJTJGd3d3LnhhdGFrYS5jb20lMkZtYWtlcnMlMkZhZGlvcy1hbC1yb3RyaW5nLW1kcmF3Ym90LWFsY2FuemEtbGEtcGVyZmVjY2lvbi1yb2JvdGljYS1lbi1lbC1kaWJ1am8lMjIlMjB0YXJnZXQlM0QlMjJfYmxhbmslMjIlM0UlM0MlMkZhJTNFJTBBJTNDYSUyMGNsYXNzJTNEJTIydS1pdGVtLTclMjIlMjBocmVmJTNEJTIyaHR0cHMlM0ElMkYlMkZ3d3cua2lja3N0YXJ0ZXIuY29tJTJGcHJvamVjdHMlMkYxODE4NTA1NjEzJTJGbWJvdC00OS1lZHVjYXRpb25hbC1yb2JvdC1mb3ItZWFjaC1raWQlMjIlMjB0YXJnZXQlM0QlMjJfYmxhbmslMjIlM0UlM0MlMkZhJTNFJTBBJTNDYSUyMGNsYXNzJTNEJTIydS1pdGVtLTYlMjIlM0UlM0MlMkZhJTNFJTBBJTNDYSUyMGNsYXNzJTNEJTIydS1pdGVtLTE0JTIyJTIwaHJlZiUzRCUyMmh0dHBzJTNBJTJGJTJGdDNuLmRlJTJGbmV3cyUyRmNvZGV5Ym90LWtpbmRlci1wcm9ncmFtbWllcmVuLXJvYm90ZXItNjk0OTM2JTJGJTIyJTIwdGFyZ2V0JTNEJTIyX2JsYW5rJTIyJTNFJTNDJTJGYSUzRSUwQSUzQyUyRmRpdiUzRSUwQSUzQyUyRmRpdiUzRQ==[\/vc_raw_html][\/vc_column][\/vc_row]<\/p>\n","protected":false},"excerpt":{"rendered":"<p>[vc_row][vc_column css=&#8221;.vc_custom_1494242107012{margin-bottom: 0px !important;}&#8221;][layerslider_vc id=&#8221;4&#8243;][\/vc_column][\/vc_row][vc_row full_width=&#8221;stretch_row&#8221; bg_type=&#8221;image&#8221; parallax_style=&#8221;vcpb-default&#8221; bg_image_repeat=&#8221;no-repeat&#8221; bg_image_size=&#8221;initial&#8221; bg_img_attach=&#8221;fixed&#8221; bg_override=&#8221;ex-full&#8221; seperator_enable=&#8221;off&#8221; is_container=&#8221;1&#8243; css=&#8221;.vc_custom_1506445193976{margin-top: 25px !important;margin-bottom: 35px !important;padding-top: 0px !important;background-color: #ffffff !important;background-position: 0 0 !important;background-repeat: no-repeat !important;}&#8221; row_id=&#8221;our-services&#8221;][vc_column][vc_row_inner css=&#8221;.vc_custom_1450268288642{margin-top:&nbsp;<a href=\"https:\/\/www.steameducativo.com\/makeblock\/\">[&hellip;]<\/a><\/p>\n","protected":false},"author":1,"featured_media":1027,"parent":0,"menu_order":0,"comment_status":"closed","ping_status":"closed","template":"template-home.php","meta":[],"yoast_head":"<!-- This site is optimized with the Yoast SEO plugin v14.4.1 - https:\/\/yoast.com\/wordpress\/plugins\/seo\/ -->\n<title>Makeblock Paraguay - STEAM Educativo<\/title>\n<meta name=\"description\" content=\"Makeblock es la soluci\u00f3n perfecta para vos. Est\u00e1 pensado para acompa\u00f1arte en tus primeros pasos en el mundo STEAM a trav\u00e9s de la rob\u00f3tica y la programaci\u00f3n.\" \/>\n<meta name=\"robots\" content=\"index, follow\" \/>\n<meta name=\"googlebot\" content=\"index, follow, max-snippet:-1, max-image-preview:large, max-video-preview:-1\" \/>\n<meta name=\"bingbot\" content=\"index, follow, max-snippet:-1, max-image-preview:large, max-video-preview:-1\" \/>\n<link rel=\"canonical\" href=\"https:\/\/www.steameducativo.com\/makeblock\/\" \/>\n<meta property=\"og:locale\" content=\"es_ES\" \/>\n<meta property=\"og:type\" content=\"article\" \/>\n<meta property=\"og:title\" content=\"Makeblock Paraguay - STEAM Educativo\" \/>\n<meta property=\"og:description\" content=\"Makeblock es la soluci\u00f3n perfecta para vos. Est\u00e1 pensado para acompa\u00f1arte en tus primeros pasos en el mundo STEAM a trav\u00e9s de la rob\u00f3tica y la programaci\u00f3n.\" \/>\n<meta property=\"og:url\" content=\"https:\/\/www.steameducativo.com\/makeblock\/\" \/>\n<meta property=\"og:site_name\" content=\"Makeblock Paraguay\" \/>\n<meta property=\"article:modified_time\" content=\"2020-03-02T13:44:30+00:00\" \/>\n<meta property=\"og:image\" content=\"https:\/\/www.steameducativo.com\/makeblock\/wp-content\/uploads\/2018\/02\/banner-fb-makeblock.png\" \/>\n\t<meta property=\"og:image:width\" content=\"1200\" \/>\n\t<meta property=\"og:image:height\" content=\"628\" \/>\n<meta name=\"twitter:card\" content=\"summary\" \/>\n<meta name=\"twitter:title\" content=\"Makeblock Paraguay - STEAM Educativo\" \/>\n<meta name=\"twitter:description\" content=\"Makeblock es la soluci\u00f3n perfecta para vos. Est\u00e1 pensado para acompa\u00f1arte en tus primeros pasos en el mundo STEAM a trav\u00e9s de la rob\u00f3tica y la programaci\u00f3n.\" \/>\n<script type=\"application\/ld+json\" class=\"yoast-schema-graph\">{\"@context\":\"https:\/\/schema.org\",\"@graph\":[{\"@type\":\"WebSite\",\"@id\":\"https:\/\/www.steameducativo.com\/makeblock\/#website\",\"url\":\"https:\/\/www.steameducativo.com\/makeblock\/\",\"name\":\"Makeblock Paraguay\",\"description\":\"Cursos de rob\\u00f3tica, v\\u00eddeojuegos, dise\\u00f1o gr\\u00e1fico para ni\\u00f1os y adolescentes.\",\"potentialAction\":[{\"@type\":\"SearchAction\",\"target\":\"https:\/\/www.steameducativo.com\/makeblock\/?s={search_term_string}\",\"query-input\":\"required name=search_term_string\"}],\"inLanguage\":\"es\"},{\"@type\":\"ImageObject\",\"@id\":\"https:\/\/www.steameducativo.com\/makeblock\/#primaryimage\",\"inLanguage\":\"es\",\"url\":\"https:\/\/www.steameducativo.com\/makeblock\/wp-content\/uploads\/2018\/02\/banner-fb-makeblock.png\",\"width\":1200,\"height\":628},{\"@type\":\"WebPage\",\"@id\":\"https:\/\/www.steameducativo.com\/makeblock\/#webpage\",\"url\":\"https:\/\/www.steameducativo.com\/makeblock\/\",\"name\":\"Makeblock Paraguay - STEAM Educativo\",\"isPartOf\":{\"@id\":\"https:\/\/www.steameducativo.com\/makeblock\/#website\"},\"primaryImageOfPage\":{\"@id\":\"https:\/\/www.steameducativo.com\/makeblock\/#primaryimage\"},\"datePublished\":\"2015-11-22T12:34:41+00:00\",\"dateModified\":\"2020-03-02T13:44:30+00:00\",\"description\":\"Makeblock es la soluci\\u00f3n perfecta para vos. Est\\u00e1 pensado para acompa\\u00f1arte en tus primeros pasos en el mundo STEAM a trav\\u00e9s de la rob\\u00f3tica y la programaci\\u00f3n.\",\"inLanguage\":\"es\",\"potentialAction\":[{\"@type\":\"ReadAction\",\"target\":[\"https:\/\/www.steameducativo.com\/makeblock\/\"]}]}]}<\/script>\n<!-- \/ Yoast SEO plugin. -->","_links":{"self":[{"href":"https:\/\/www.steameducativo.com\/makeblock\/wp-json\/wp\/v2\/pages\/153"}],"collection":[{"href":"https:\/\/www.steameducativo.com\/makeblock\/wp-json\/wp\/v2\/pages"}],"about":[{"href":"https:\/\/www.steameducativo.com\/makeblock\/wp-json\/wp\/v2\/types\/page"}],"author":[{"embeddable":true,"href":"https:\/\/www.steameducativo.com\/makeblock\/wp-json\/wp\/v2\/users\/1"}],"replies":[{"embeddable":true,"href":"https:\/\/www.steameducativo.com\/makeblock\/wp-json\/wp\/v2\/comments?post=153"}],"version-history":[{"count":5,"href":"https:\/\/www.steameducativo.com\/makeblock\/wp-json\/wp\/v2\/pages\/153\/revisions"}],"predecessor-version":[{"id":1188,"href":"https:\/\/www.steameducativo.com\/makeblock\/wp-json\/wp\/v2\/pages\/153\/revisions\/1188"}],"wp:featuredmedia":[{"embeddable":true,"href":"https:\/\/www.steameducativo.com\/makeblock\/wp-json\/wp\/v2\/media\/1027"}],"wp:attachment":[{"href":"https:\/\/www.steameducativo.com\/makeblock\/wp-json\/wp\/v2\/media?parent=153"}],"curies":[{"name":"wp","href":"https:\/\/api.w.org\/{rel}","templated":true}]}}