{"id":155,"date":"2015-11-13T11:31:33","date_gmt":"2015-11-13T11:31:33","guid":{"rendered":"http:\/\/moving.aislinthemes.com\/?page_id=9361"},"modified":"2023-03-24T13:36:53","modified_gmt":"2023-03-24T13:36:53","slug":"contactos","status":"publish","type":"page","link":"https:\/\/www.steameducativo.com\/makeblock\/contactos\/","title":{"rendered":"Contactos"},"content":{"rendered":"<p>[vc_row full_width=&#8221;stretch_row&#8221; content_placement=&#8221;middle&#8221; parallax_content=&#8221;parallax_content_value&#8221; is_container=&#8221;1&#8243; css=&#8221;.vc_custom_1583157163241{margin-top: 0px !important;margin-bottom: 0px !important;padding-top: 0px !important;padding-bottom: 0px !important;background-image: url(https:\/\/www.steameducativo.com\/makeblock\/wp-content\/uploads\/2017\/09\/bg-footer.jpg?id=502) !important;background-position: 0 0 !important;background-repeat: repeat !important;}&#8221; el_id=&#8221;contactos&#8221;][vc_column]<div id=\"ultimate-heading-405169e4bd3200347\" class=\"uvc-heading ult-adjust-bottom-margin ultimate-heading-405169e4bd3200347 uvc-9451 \" data-hspacer=\"line_only\"  data-halign=\"center\" style=\"text-align:center\"><div class=\"uvc-main-heading ult-responsive\"  data-ultimate-target='.uvc-heading.ultimate-heading-405169e4bd3200347 h2'  data-responsive-json-new='{\"font-size\":\"\",\"line-height\":\"\"}' ><h2 style=\"font-weight:bold;\">CONTACTOS<\/h2><\/div><div class=\"uvc-heading-spacer line_only\" style=\"topheight:5px;\"><span class=\"uvc-headings-line\" style=\"border-style:solid;border-bottom-width:5px;border-color:#fb014b;width:10px;\"><\/span><\/div><\/div>[vc_row_inner][vc_column_inner width=&#8221;1\/2&#8243; css=&#8221;.vc_custom_1504376821126{padding-bottom: 38px !important;}&#8221;]<div class=\"aio-icon-component    style_1\"><div id=\"Info-box-wrap-1980\" class=\"aio-icon-box top-icon\" style=\"\"  ><div class=\"aio-icon-top\"><div class=\"ult-just-icon-wrapper  \"><div class=\"align-icon\" style=\"text-align:center;\">\n<div class=\"aio-icon advanced \"  style=\"color:#333;border-style:solid;border-color:#f2df20;border-width:6px;width:90px;height:90px;line-height:90px;border-radius:90px;font-size:32px;display:inline-block;\">\n\t<i class=\"fa fa-map-marker\"><\/i>\n<\/div><\/div><\/div><\/div><\/div> <!-- aio-icon-box --><\/div> <!-- aio-icon-component --><div id=\"ultimate-heading-303469e4bd3200436\" class=\"uvc-heading ult-adjust-bottom-margin ultimate-heading-303469e4bd3200436 uvc-4787 \" data-hspacer=\"no_spacer\"  data-halign=\"center\" style=\"text-align:center\"><div class=\"uvc-heading-spacer no_spacer\" style=\"top\"><\/div><div class=\"uvc-main-heading ult-responsive\"  data-ultimate-target='.uvc-heading.ultimate-heading-303469e4bd3200436 h2'  data-responsive-json-new='{\"font-size\":\"\",\"line-height\":\"\"}' ><h2 style=\"font-weight:normal;\">Ubicaci\u00f3n<\/h2><\/div><div class=\"uvc-sub-heading ult-responsive\"  data-ultimate-target='.uvc-heading.ultimate-heading-303469e4bd3200436 .uvc-sub-heading '  data-responsive-json-new='{\"font-size\":\"\",\"line-height\":\"\"}'  style=\"font-weight:normal;\"><\/p>\n<p style=\"text-align: center;\">Avda. La Victoria y Arasa. Barrio San Pablo<br \/>\nAsunci\u00f3n \u2013 Paraguay<\/p>\n<p><\/div><\/div><div class=\"aio-icon-component    style_1\"><div id=\"Info-box-wrap-2698\" class=\"aio-icon-box top-icon\" style=\"\"  ><div class=\"aio-icon-top\"><div class=\"ult-just-icon-wrapper  \"><div class=\"align-icon\" style=\"text-align:center;\">\n<div class=\"aio-icon advanced \"  style=\"color:#333;border-style:solid;border-color:#f2df20;border-width:6px;width:90px;height:90px;line-height:90px;border-radius:90px;font-size:32px;display:inline-block;\">\n\t<i class=\"fa fa-phone\"><\/i>\n<\/div><\/div><\/div><\/div><\/div> <!-- aio-icon-box --><\/div> <!-- aio-icon-component --><div id=\"ultimate-heading-456369e4bd3200488\" class=\"uvc-heading ult-adjust-bottom-margin ultimate-heading-456369e4bd3200488 uvc-1509 \" data-hspacer=\"no_spacer\"  data-halign=\"center\" style=\"text-align:center\"><div class=\"uvc-heading-spacer no_spacer\" style=\"top\"><\/div><div class=\"uvc-main-heading ult-responsive\"  data-ultimate-target='.uvc-heading.ultimate-heading-456369e4bd3200488 h2'  data-responsive-json-new='{\"font-size\":\"\",\"line-height\":\"\"}' ><h2 style=\"font-weight:normal;\">Tel\u00e9fonos<\/h2><\/div><div class=\"uvc-sub-heading ult-responsive\"  data-ultimate-target='.uvc-heading.ultimate-heading-456369e4bd3200488 .uvc-sub-heading '  data-responsive-json-new='{\"font-size\":\"\",\"line-height\":\"\"}'  style=\"font-weight:normal;\"><\/p>\n<p style=\"text-align: center;\">+(595-21) 328 60 85<\/p>\n<p style=\"text-align: center;\">+(595-21) 503250<\/p>\n<p><\/div><\/div>[\/vc_column_inner][vc_column_inner width=&#8221;1\/2&#8243;][vc_raw_html]JTNDc3R5bGUlM0UlMjN3cGNmNy1mNTEwLXAxNTUtbzElMjAlN0IlMEElMDlkaXNwbGF5JTNBJTIwbm9uZSUzQiUwQSU3RCUzQyUyRnN0eWxlJTNFJTBBJTNDc2NyaXB0JTIwZGF0YS1iMjQtZm9ybSUzRCUyMmlubGluZSUyRjYzJTJGcDV3aHRiJTIyJTIwZGF0YS1za2lwLW1vdmluZyUzRCUyMnRydWUlMjIlM0UlMjhmdW5jdGlvbiUyOHclMkNkJTJDdSUyOSU3QnZhciUyMHMlM0RkLmNyZWF0ZUVsZW1lbnQlMjglMjdzY3JpcHQlMjclMjklM0JzLmFzeW5jJTNEdHJ1ZSUzQnMuc3JjJTNEdSUyQiUyNyUzRiUyNyUyQiUyOERhdGUubm93JTI4JTI5JTJGMTgwMDAwJTdDMCUyOSUzQnZhciUyMGglM0RkLmdldEVsZW1lbnRzQnlUYWdOYW1lJTI4JTI3c2NyaXB0JTI3JTI5JTVCMCU1RCUzQmgucGFyZW50Tm9kZS5pbnNlcnRCZWZvcmUlMjhzJTJDaCUyOSUzQiU3RCUyOSUyOHdpbmRvdyUyQ2RvY3VtZW50JTJDJTI3aHR0cHMlM0ElMkYlMkZjZG4uYml0cml4MjQuZXMlMkZiMTgwMDQwMDclMkZjcm0lMkZmb3JtJTJGbG9hZGVyXzYzLmpzJTI3JTI5JTNCJTNDJTJGc2NyaXB0JTNF[\/vc_raw_html]<div role=\"form\" class=\"wpcf7\" id=\"wpcf7-f510-o1\" lang=\"es-ES\" dir=\"ltr\">\n<div class=\"screen-reader-response\"><p role=\"status\" aria-live=\"polite\" aria-atomic=\"true\"><\/p> <ul><\/ul><\/div>\n<form action=\"\/makeblock\/wp-json\/wp\/v2\/pages\/155#wpcf7-f510-o1\" method=\"post\" class=\"wpcf7-form init\" novalidate=\"novalidate\" data-status=\"init\">\n<div style=\"display: none;\">\n<input type=\"hidden\" name=\"_wpcf7\" value=\"510\" \/>\n<input type=\"hidden\" name=\"_wpcf7_version\" value=\"5.6.1\" \/>\n<input type=\"hidden\" name=\"_wpcf7_locale\" value=\"es_ES\" \/>\n<input type=\"hidden\" name=\"_wpcf7_unit_tag\" value=\"wpcf7-f510-o1\" \/>\n<input type=\"hidden\" name=\"_wpcf7_container_post\" value=\"0\" \/>\n<input type=\"hidden\" name=\"_wpcf7_posted_data_hash\" value=\"\" \/>\n<input type=\"hidden\" name=\"_wpcf7_recaptcha_response\" value=\"\" \/>\n<\/div>\n<div class=\"vc_row\" style=\"line-height:30px\">\n<div class=\"vc_col-sm-6\">\n<p>Nombre y Apellido<br \/>\n\t\t<span class=\"wpcf7-form-control-wrap\" data-name=\"your-name\"><input type=\"text\" name=\"your-name\" value=\"\" size=\"100\" class=\"wpcf7-form-control wpcf7-text wpcf7-validates-as-required bgk\" aria-required=\"true\" aria-invalid=\"false\" \/><\/span> <\/p>\n<\/div>\n<div class=\"vc_col-sm-6\">\n<p>Empresa\/Instituci\u00f3n<br \/>\n\t\t<span class=\"wpcf7-form-control-wrap\" data-name=\"empresa\"><input type=\"text\" name=\"empresa\" value=\"\" size=\"100\" class=\"wpcf7-form-control wpcf7-text bgk\" aria-invalid=\"false\" \/><\/span> <\/p>\n<\/div>\n<div class=\"vc_col-sm-6\">\n<p>Tel\u00e9fono<br \/>\n\t\t<span class=\"wpcf7-form-control-wrap\" data-name=\"telefono\"><input type=\"text\" name=\"telefono\" value=\"\" size=\"100\" class=\"wpcf7-form-control wpcf7-text wpcf7-validates-as-required bgk\" aria-required=\"true\" aria-invalid=\"false\" \/><\/span> <\/p>\n<\/div>\n<div class=\"vc_col-sm-6\">\n<p>L\u00ednea Baja<br \/>\n\t\t<span class=\"wpcf7-form-control-wrap\" data-name=\"linea_baja\"><input type=\"text\" name=\"linea_baja\" value=\"\" size=\"100\" class=\"wpcf7-form-control wpcf7-text wpcf7-validates-as-required bgk\" aria-required=\"true\" aria-invalid=\"false\" \/><\/span> <\/p>\n<\/div>\n<div class=\"vc_col-sm-6\">\n<p>Email<br \/>\n\t\t<span class=\"wpcf7-form-control-wrap\" data-name=\"your-email\"><input type=\"email\" name=\"your-email\" value=\"\" size=\"100\" class=\"wpcf7-form-control wpcf7-text wpcf7-email wpcf7-validates-as-required wpcf7-validates-as-email bgk\" aria-required=\"true\" aria-invalid=\"false\" \/><\/span> <\/p>\n<\/div>\n<div class=\"vc_col-sm-6\">\n<p>Asunto<br \/>\n\t\t<span class=\"wpcf7-form-control-wrap\" data-name=\"your-subject\"><input type=\"text\" name=\"your-subject\" value=\"\" size=\"100\" class=\"wpcf7-form-control wpcf7-text bgk\" aria-invalid=\"false\" \/><\/span> <\/p>\n<\/div>\n<div class=\"vc_col-sm-12\">\n<p>Mensaje<br \/>\n\t\t<span class=\"wpcf7-form-control-wrap\" data-name=\"your-message\"><textarea name=\"your-message\" cols=\"99\" rows=\"5\" class=\"wpcf7-form-control wpcf7-textarea bgk\" aria-invalid=\"false\"><\/textarea><\/span> <\/p>\n<\/div>\n<div style=\"clear: both;min-height: 200px;\">\n<div class=\"vc_col-sm-6\">\n<p style=\"margin-top: 17px;\">\n<\/div>\n<div class=\"vc_col-sm-6\">\n<p style=\"margin-top: 30px;float: right;\"><input type=\"submit\" value=\"Enviar\" class=\"wpcf7-form-control has-spinner wpcf7-submit\" \/><\/p>\n<\/div>\n<\/div>\n<\/div>\n<div class=\"wpcf7-response-output\" aria-hidden=\"true\"><\/div><\/form><\/div>[\/vc_column_inner][\/vc_row_inner][\/vc_column][\/vc_row][vc_row full_width=&#8221;stretch_row&#8221; disable_element=&#8221;yes&#8221; css=&#8221;.vc_custom_1504628288702{background-color: #000d37 !important;}&#8221;][vc_column][vc_column_text css=&#8221;.vc_custom_1504381371654{margin-top: -22px !important;}&#8221;]<\/p>\n<div class=\"heading_new\">\n<h2 style=\"color: #fff; font-size: 14px; line-height: 21px; text-align: center;\">\u00a9 Steam Educativo es un proyecto perteneciente a la red de servicios de <a style=\"color: #fff; font-size: 14px; line-height: 21px; text-align: center;\" href=\"http:\/\/www.alexatigroup.com\/\" target=\"_blank\" rel=\"noopener noreferrer\">aleXati Group<\/a> | Todos los Derechos Reservados \u00a9 2017<\/h2>\n<\/div>\n<p>[\/vc_column_text][\/vc_column][\/vc_row]<\/p>\n","protected":false},"excerpt":{"rendered":"<p>[vc_row full_width=&#8221;stretch_row&#8221; content_placement=&#8221;middle&#8221; parallax_content=&#8221;parallax_content_value&#8221; is_container=&#8221;1&#8243; css=&#8221;.vc_custom_1583157163241{margin-top: 0px !important;margin-bottom: 0px !important;padding-top: 0px !important;padding-bottom: 0px !important;background-image: url(https:\/\/www.steameducativo.com\/makeblock\/wp-content\/uploads\/2017\/09\/bg-footer.jpg?id=502) !important;background-position: 0 0 !important;background-repeat: repeat !important;}&#8221; el_id=&#8221;contactos&#8221;][vc_column][vc_row_inner][vc_column_inner width=&#8221;1\/2&#8243; css=&#8221;.vc_custom_1504376821126{padding-bottom: 38px !important;}&#8221;][\/vc_column_inner][vc_column_inner width=&#8221;1\/2&#8243;][vc_raw_html]JTNDc3R5bGUlM0UlMjN3cGNmNy1mNTEwLXAxNTUtbzElMjAlN0IlMEElMDlkaXNwbGF5JTNBJTIwbm9uZSUzQiUwQSU3RCUzQyUyRnN0eWxlJTNFJTBBJTNDc2NyaXB0JTIwZGF0YS1iMjQtZm9ybSUzRCUyMmlubGluZSUyRjYzJTJGcDV3aHRiJTIyJTIwZGF0YS1za2lwLW1vdmluZyUzRCUyMnRydWUlMjIlM0UlMjhmdW5jdGlvbiUyOHclMkNkJTJDdSUyOSU3QnZhciUyMHMlM0RkLmNyZWF0ZUVsZW1lbnQlMjglMjdzY3JpcHQlMjclMjklM0JzLmFzeW5jJTNEdHJ1ZSUzQnMuc3JjJTNEdSUyQiUyNyUzRiUyNyUyQiUyOERhdGUubm93JTI4JTI5JTJGMTgwMDAwJTdDMCUyOSUzQnZhciUyMGglM0RkLmdldEVsZW1lbnRzQnlUYWdOYW1lJTI4JTI3c2NyaXB0JTI3JTI5JTVCMCU1RCUzQmgucGFyZW50Tm9kZS5pbnNlcnRCZWZvcmUlMjhzJTJDaCUyOSUzQiU3RCUyOSUyOHdpbmRvdyUyQ2RvY3VtZW50JTJDJTI3aHR0cHMlM0ElMkYlMkZjZG4uYml0cml4MjQuZXMlMkZiMTgwMDQwMDclMkZjcm0lMkZmb3JtJTJGbG9hZGVyXzYzLmpzJTI3JTI5JTNCJTNDJTJGc2NyaXB0JTNF[\/vc_raw_html][\/vc_column_inner][\/vc_row_inner][\/vc_column][\/vc_row][vc_row full_width=&#8221;stretch_row&#8221; disable_element=&#8221;yes&#8221; css=&#8221;.vc_custom_1504628288702{background-color:&nbsp;<a href=\"https:\/\/www.steameducativo.com\/makeblock\/contactos\/\">[&hellip;]<\/a><\/p>\n","protected":false},"author":1,"featured_media":714,"parent":0,"menu_order":0,"comment_status":"closed","ping_status":"closed","template":"template-fullwidth.php","meta":[],"yoast_head":"<!-- This site is optimized with the Yoast SEO plugin v14.4.1 - https:\/\/yoast.com\/wordpress\/plugins\/seo\/ -->\n<title>Contactos - Makeblock Paraguay<\/title>\n<meta name=\"description\" content=\"CONTACTOS Ubicaci\u00f3n Manduvir\u00e1 957 entre Montevideo y Col\u00f3n Asunci\u00f3n \u2013 Paraguay Tel\u00e9fonos Tel.: 492 360\/1\" \/>\n<meta name=\"robots\" content=\"index, follow\" \/>\n<meta name=\"googlebot\" content=\"index, follow, max-snippet:-1, max-image-preview:large, max-video-preview:-1\" \/>\n<meta name=\"bingbot\" content=\"index, follow, max-snippet:-1, max-image-preview:large, max-video-preview:-1\" \/>\n<link rel=\"canonical\" href=\"https:\/\/www.steameducativo.com\/makeblock\/contactos\/\" \/>\n<meta property=\"og:locale\" content=\"es_ES\" \/>\n<meta property=\"og:type\" content=\"article\" \/>\n<meta property=\"og:title\" content=\"Contactos - Makeblock Paraguay\" \/>\n<meta property=\"og:description\" content=\"CONTACTOS Ubicaci\u00f3n Manduvir\u00e1 957 entre Montevideo y Col\u00f3n Asunci\u00f3n \u2013 Paraguay Tel\u00e9fonos Tel.: 492 360\/1\" \/>\n<meta property=\"og:url\" content=\"https:\/\/www.steameducativo.com\/makeblock\/contactos\/\" \/>\n<meta property=\"og:site_name\" content=\"Makeblock Paraguay\" \/>\n<meta property=\"article:modified_time\" content=\"2023-03-24T13:36:53+00:00\" \/>\n<meta property=\"og:image\" content=\"https:\/\/www.steameducativo.com\/makeblock\/wp-content\/uploads\/2017\/10\/banner-fb.png\" \/>\n\t<meta property=\"og:image:width\" content=\"1200\" \/>\n\t<meta property=\"og:image:height\" content=\"628\" \/>\n<meta name=\"twitter:card\" content=\"summary\" \/>\n<meta name=\"twitter:title\" content=\"Contactos - Makeblock Paraguay\" \/>\n<meta name=\"twitter:description\" content=\"CONTACTOS Ubicaci\u00f3n Manduvir\u00e1 957 entre Montevideo y Col\u00f3n Asunci\u00f3n \u2013 Paraguay Tel\u00e9fonos Tel.: 492 360\/1\" \/>\n<script type=\"application\/ld+json\" class=\"yoast-schema-graph\">{\"@context\":\"https:\/\/schema.org\",\"@graph\":[{\"@type\":\"WebSite\",\"@id\":\"https:\/\/www.steameducativo.com\/makeblock\/#website\",\"url\":\"https:\/\/www.steameducativo.com\/makeblock\/\",\"name\":\"Makeblock Paraguay\",\"description\":\"Cursos de rob\\u00f3tica, v\\u00eddeojuegos, dise\\u00f1o gr\\u00e1fico para ni\\u00f1os y adolescentes.\",\"potentialAction\":[{\"@type\":\"SearchAction\",\"target\":\"https:\/\/www.steameducativo.com\/makeblock\/?s={search_term_string}\",\"query-input\":\"required name=search_term_string\"}],\"inLanguage\":\"es\"},{\"@type\":\"ImageObject\",\"@id\":\"https:\/\/www.steameducativo.com\/makeblock\/contactos\/#primaryimage\",\"inLanguage\":\"es\",\"url\":\"https:\/\/www.steameducativo.com\/makeblock\/wp-content\/uploads\/2017\/10\/banner-fb.png\",\"width\":1200,\"height\":628},{\"@type\":\"WebPage\",\"@id\":\"https:\/\/www.steameducativo.com\/makeblock\/contactos\/#webpage\",\"url\":\"https:\/\/www.steameducativo.com\/makeblock\/contactos\/\",\"name\":\"Contactos - Makeblock Paraguay\",\"isPartOf\":{\"@id\":\"https:\/\/www.steameducativo.com\/makeblock\/#website\"},\"primaryImageOfPage\":{\"@id\":\"https:\/\/www.steameducativo.com\/makeblock\/contactos\/#primaryimage\"},\"datePublished\":\"2015-11-13T11:31:33+00:00\",\"dateModified\":\"2023-03-24T13:36:53+00:00\",\"description\":\"CONTACTOS Ubicaci\\u00f3n Manduvir\\u00e1 957 entre Montevideo y Col\\u00f3n Asunci\\u00f3n \\u2013 Paraguay Tel\\u00e9fonos Tel.: 492 360\/1\",\"inLanguage\":\"es\",\"potentialAction\":[{\"@type\":\"ReadAction\",\"target\":[\"https:\/\/www.steameducativo.com\/makeblock\/contactos\/\"]}]}]}<\/script>\n<!-- \/ Yoast SEO plugin. -->","_links":{"self":[{"href":"https:\/\/www.steameducativo.com\/makeblock\/wp-json\/wp\/v2\/pages\/155"}],"collection":[{"href":"https:\/\/www.steameducativo.com\/makeblock\/wp-json\/wp\/v2\/pages"}],"about":[{"href":"https:\/\/www.steameducativo.com\/makeblock\/wp-json\/wp\/v2\/types\/page"}],"author":[{"embeddable":true,"href":"https:\/\/www.steameducativo.com\/makeblock\/wp-json\/wp\/v2\/users\/1"}],"replies":[{"embeddable":true,"href":"https:\/\/www.steameducativo.com\/makeblock\/wp-json\/wp\/v2\/comments?post=155"}],"version-history":[{"count":7,"href":"https:\/\/www.steameducativo.com\/makeblock\/wp-json\/wp\/v2\/pages\/155\/revisions"}],"predecessor-version":[{"id":1221,"href":"https:\/\/www.steameducativo.com\/makeblock\/wp-json\/wp\/v2\/pages\/155\/revisions\/1221"}],"wp:featuredmedia":[{"embeddable":true,"href":"https:\/\/www.steameducativo.com\/makeblock\/wp-json\/wp\/v2\/media\/714"}],"wp:attachment":[{"href":"https:\/\/www.steameducativo.com\/makeblock\/wp-json\/wp\/v2\/media?parent=155"}],"curies":[{"name":"wp","href":"https:\/\/api.w.org\/{rel}","templated":true}]}}