{"id":302,"date":"2017-08-17T14:18:35","date_gmt":"2017-08-17T14:18:35","guid":{"rendered":"http:\/\/steameducativo.com\/make-block\/?page_id=302"},"modified":"2018-02-05T17:48:22","modified_gmt":"2018-02-05T17:48:22","slug":"que-es-makeblock","status":"publish","type":"page","link":"https:\/\/www.steameducativo.com\/makeblock\/que-es-makeblock\/","title":{"rendered":"\u00bfQu\u00e9 es Makeblock?"},"content":{"rendered":"<p>[vc_row][vc_column][vc_single_image image=&#8221;656&#8243; img_size=&#8221;full&#8221; alignment=&#8221;center&#8221;][vc_column_text]<\/p>\n<p style=\"text-align: center;\"><em>Antes de Makeblock, todos los robots en el mercado eran soluciones costosas, complicadas de montar, con problemas para cablear y dif\u00edciles de programar. A raz\u00f3n de ello, Makeblock se bas\u00f3 en crear robots econ\u00f3micamente accesibles, f\u00e1ciles de usar, utilizando hardware y lenguajes de programaci\u00f3n de c\u00f3digo abierto, para que as\u00ed pueda ser posible so\u00f1ar con <strong>UN ROBOT POR NI\u00d1O.<\/strong><\/em><\/p>\n<p>[\/vc_column_text][\/vc_column][\/vc_row][vc_row css=&#8221;.vc_custom_1506458652220{margin-top: 30px !important;margin-bottom: 30px !important;}&#8221;][vc_column]<div id=\"ultimate-heading-693969e0f6c164543\" class=\"uvc-heading ult-adjust-bottom-margin ultimate-heading-693969e0f6c164543 uvc-9238 \" data-hspacer=\"no_spacer\"  data-halign=\"center\" style=\"text-align:center\"><div class=\"uvc-heading-spacer no_spacer\" style=\"top\"><\/div><div class=\"uvc-main-heading ult-responsive\"  data-ultimate-target='.uvc-heading.ultimate-heading-693969e0f6c164543 h2'  data-responsive-json-new='{\"font-size\":\"\",\"line-height\":\"\"}' ><h2 style=\"font-weight:bold;\">MAKEBLOCK CO., LTD:<\/h2><\/div><\/div>[vc_raw_html]JTNDZGl2JTIwY2xhc3MlM0QlMjJ1dmMtaGVhZGluZy1zcGFjZXIlMjBsaW5lX29ubHklMjIlMjBzdHlsZSUzRCUyMm1hcmdpbi1ib3R0b20lM0E0NXB4JTNCaGVpZ2h0JTNBNXB4JTNCJTIyJTNFJTNDc3BhbiUyMGNsYXNzJTNEJTIydXZjLWhlYWRpbmdzLWxpbmUlMjBoZWFkaW5nX2xpbmVfY3VzdG9tJTIyJTIwc3R5bGUlM0QlMjJib3JkZXItc3R5bGUlM0ElMjBzb2xpZCUzQiUyMGJvcmRlci1ib3R0b20lM0ElMjA1cHglMjBzb2xpZCUyMHJnYiUyODczJTJDJTIwMTYyJTJDJTIwMTY4JTI5JTNCJTIwYm9yZGVyLWNvbG9yJTNBJTIwcmdiJTI4NzMlMkMlMjAxNjIlMkMlMjAxNjglMjklM0IlMjBtYXgtd2lkdGglM0ElMjAxOTBweCUzQiUyMGRpc3BsYXklM0FibG9jayUzQm1hcmdpbiUzQTAlMjBhdXRvJTIyJTNFJTNDJTJGc3BhbiUzRSUzQyUyRmRpdiUzRQ==[\/vc_raw_html][vc_row_inner][vc_column_inner width=&#8221;1\/6&#8243;][\/vc_column_inner][vc_column_inner width=&#8221;2\/3&#8243;][vc_column_text]<\/p>\n<p style=\"text-align: justify;\">Ayuda a integrar la rob\u00f3tica con todos los campos STEAM. Colabora con los estudiantes a tener experiencias pr\u00e1cticas en mec\u00e1nica, electr\u00f3nica, sistema de control y ciencias de la computaci\u00f3n.<\/p>\n<p>Makeblock tiene la intenci\u00f3n de hacer de la rob\u00f3tica una herramienta m\u00e1s accesible y con mayor equidad para llegar a los estudiantes de todos los niveles, a fin de potenciar las ramas de la educaci\u00f3n a trav\u00e9s de la metodolog\u00eda STEAM.<\/p>\n<p>[\/vc_column_text][vc_wp_text]<\/p>\n<p style=\"text-align: justify;\">Es una startup de rob\u00f3tica, situada en la ciudad de Shenzhen, China. Su marca principal Makeblock, fue fundada en 2011, actualmente es l\u00edder en la construcci\u00f3n de soluciones rob\u00f3ticas enfocadas a DIY (<em>hazlo t\u00fa mismo<\/em>) y a la metodolog\u00eda de educaci\u00f3n STEAM.<\/p>\n<p>Sus productos est\u00e1n dirigidos a los makers, a los aficionados, a los estudiantes y a los docentes. Makeblock capacita a la gente para ayudar a convertir sus ideas en realidad.<\/p>\n<p>Proporciona distintos tipos de soluciones, como los kits STEAM, kits de tecnolog\u00eda, kits DIY, dispone adem\u00e1s de plataformas de bloques de construcci\u00f3n con m\u00e1s de 500 partes mec\u00e1nicas y m\u00f3dulos electr\u00f3nicos f\u00e1ciles de usar, software de programaci\u00f3n gr\u00e1fica y sistemas de capacitaciones continuas.<\/p>\n<p>[\/vc_wp_text][\/vc_column_inner][vc_column_inner width=&#8221;1\/6&#8243;][\/vc_column_inner][\/vc_row_inner][\/vc_column][\/vc_row][vc_row css=&#8221;.vc_custom_1506458426689{margin-top: 30px !important;margin-bottom: 30px !important;}&#8221;][vc_column][vc_row_inner css=&#8221;.vc_custom_1506604457820{margin-top: 15px !important;margin-bottom: 15px !important;border-left-width: 2px !important;padding-top: 15px !important;padding-bottom: 15px !important;border-left-color: #999999 !important;}&#8221;][vc_column_inner width=&#8221;1\/2&#8243;]<div id=\"ultimate-heading-677369e0f6c164560\" class=\"uvc-heading ult-adjust-bottom-margin ultimate-heading-677369e0f6c164560 uvc-6381 \" data-hspacer=\"no_spacer\"  data-halign=\"left\" style=\"text-align:left\"><div class=\"uvc-heading-spacer no_spacer\" style=\"top\"><\/div><div class=\"uvc-main-heading ult-responsive\"  data-ultimate-target='.uvc-heading.ultimate-heading-677369e0f6c164560 h2'  data-responsive-json-new='{\"font-size\":\"\",\"line-height\":\"\"}' ><h2 style=\"font-weight:bold;\">La visi\u00f3n de Makeblock:<\/h2><\/div><\/div>[vc_wp_text]Ser la marca m\u00e1s respetada del mundo de la rob\u00f3tica, orientada al entretenimiento y a la educaci\u00f3n STEAM.[\/vc_wp_text][\/vc_column_inner][vc_column_inner width=&#8221;1\/2&#8243; css=&#8221;.vc_custom_1506608463415{border-left-width: 2px !important;border-left-color: #515151 !important;border-left-style: solid !important;}&#8221;]<div id=\"ultimate-heading-317369e0f6c164573\" class=\"uvc-heading ult-adjust-bottom-margin ultimate-heading-317369e0f6c164573 uvc-402 \" data-hspacer=\"no_spacer\"  data-halign=\"left\" style=\"text-align:left\"><div class=\"uvc-heading-spacer no_spacer\" style=\"top\"><\/div><div class=\"uvc-main-heading ult-responsive\"  data-ultimate-target='.uvc-heading.ultimate-heading-317369e0f6c164573 h2'  data-responsive-json-new='{\"font-size\":\"\",\"line-height\":\"\"}' ><h2 style=\"font-weight:bold;\">La misi\u00f3n de Makeblock:<\/h2><\/div><\/div>[vc_wp_text]Ayudar a las personas a construir sus ideas en realidad, fortalecer sus habilidades creativas y llevar la educaci\u00f3n al siguiente nivel.[\/vc_wp_text][\/vc_column_inner][\/vc_row_inner][\/vc_column][\/vc_row]<\/p>\n","protected":false},"excerpt":{"rendered":"<p>[vc_row][vc_column][vc_single_image image=&#8221;656&#8243; img_size=&#8221;full&#8221; alignment=&#8221;center&#8221;][vc_column_text] Antes de Makeblock, todos los robots en el mercado eran soluciones costosas, complicadas de montar, con problemas para cablear y dif\u00edciles de programar. A raz\u00f3n de&nbsp;<a href=\"https:\/\/www.steameducativo.com\/makeblock\/que-es-makeblock\/\">[&hellip;]<\/a><\/p>\n","protected":false},"author":1,"featured_media":714,"parent":0,"menu_order":0,"comment_status":"closed","ping_status":"closed","template":"template-fullwidth.php","meta":[],"yoast_head":"<!-- This site is optimized with the Yoast SEO plugin v14.4.1 - https:\/\/yoast.com\/wordpress\/plugins\/seo\/ -->\n<title>\u00bfQu\u00e9 es Makeblock? - Makeblock Paraguay<\/title>\n<meta name=\"description\" content=\"Antes de Makeblock, todos los robots en el mercado eran soluciones costosas, complicadas de montar, con problemas para cablear y dif\u00edciles de programar.\" \/>\n<meta name=\"robots\" content=\"index, follow\" \/>\n<meta name=\"googlebot\" content=\"index, follow, max-snippet:-1, max-image-preview:large, max-video-preview:-1\" \/>\n<meta name=\"bingbot\" content=\"index, follow, max-snippet:-1, max-image-preview:large, max-video-preview:-1\" \/>\n<link rel=\"canonical\" href=\"https:\/\/www.steameducativo.com\/makeblock\/que-es-makeblock\/\" \/>\n<meta property=\"og:locale\" content=\"es_ES\" \/>\n<meta property=\"og:type\" content=\"article\" \/>\n<meta property=\"og:title\" content=\"\u00bfQu\u00e9 es Makeblock? - Makeblock Paraguay\" \/>\n<meta property=\"og:description\" content=\"Antes de Makeblock, todos los robots en el mercado eran soluciones costosas, complicadas de montar, con problemas para cablear y dif\u00edciles de programar.\" \/>\n<meta property=\"og:url\" content=\"https:\/\/www.steameducativo.com\/makeblock\/que-es-makeblock\/\" \/>\n<meta property=\"og:site_name\" content=\"Makeblock Paraguay\" \/>\n<meta property=\"article:modified_time\" content=\"2018-02-05T17:48:22+00:00\" \/>\n<meta property=\"og:image\" content=\"https:\/\/www.steameducativo.com\/makeblock\/wp-content\/uploads\/2017\/10\/banner-fb.png\" \/>\n\t<meta property=\"og:image:width\" content=\"1200\" \/>\n\t<meta property=\"og:image:height\" content=\"628\" \/>\n<meta name=\"twitter:card\" content=\"summary\" \/>\n<meta name=\"twitter:title\" content=\"\u00bfQu\u00e9 es Makeblock? - Makeblock Paraguay\" \/>\n<meta name=\"twitter:description\" content=\"Antes de Makeblock, todos los robots en el mercado eran soluciones costosas, complicadas de montar, con problemas para cablear y dif\u00edciles de programar.\" \/>\n<script type=\"application\/ld+json\" class=\"yoast-schema-graph\">{\"@context\":\"https:\/\/schema.org\",\"@graph\":[{\"@type\":\"WebSite\",\"@id\":\"https:\/\/www.steameducativo.com\/makeblock\/#website\",\"url\":\"https:\/\/www.steameducativo.com\/makeblock\/\",\"name\":\"Makeblock Paraguay\",\"description\":\"Cursos de rob\\u00f3tica, v\\u00eddeojuegos, dise\\u00f1o gr\\u00e1fico para ni\\u00f1os y adolescentes.\",\"potentialAction\":[{\"@type\":\"SearchAction\",\"target\":\"https:\/\/www.steameducativo.com\/makeblock\/?s={search_term_string}\",\"query-input\":\"required name=search_term_string\"}],\"inLanguage\":\"es\"},{\"@type\":\"ImageObject\",\"@id\":\"https:\/\/www.steameducativo.com\/makeblock\/que-es-makeblock\/#primaryimage\",\"inLanguage\":\"es\",\"url\":\"https:\/\/www.steameducativo.com\/makeblock\/wp-content\/uploads\/2017\/10\/banner-fb.png\",\"width\":1200,\"height\":628},{\"@type\":\"WebPage\",\"@id\":\"https:\/\/www.steameducativo.com\/makeblock\/que-es-makeblock\/#webpage\",\"url\":\"https:\/\/www.steameducativo.com\/makeblock\/que-es-makeblock\/\",\"name\":\"\\u00bfQu\\u00e9 es Makeblock? - Makeblock Paraguay\",\"isPartOf\":{\"@id\":\"https:\/\/www.steameducativo.com\/makeblock\/#website\"},\"primaryImageOfPage\":{\"@id\":\"https:\/\/www.steameducativo.com\/makeblock\/que-es-makeblock\/#primaryimage\"},\"datePublished\":\"2017-08-17T14:18:35+00:00\",\"dateModified\":\"2018-02-05T17:48:22+00:00\",\"description\":\"Antes de Makeblock, todos los robots en el mercado eran soluciones costosas, complicadas de montar, con problemas para cablear y dif\\u00edciles de programar.\",\"inLanguage\":\"es\",\"potentialAction\":[{\"@type\":\"ReadAction\",\"target\":[\"https:\/\/www.steameducativo.com\/makeblock\/que-es-makeblock\/\"]}]}]}<\/script>\n<!-- \/ Yoast SEO plugin. -->","_links":{"self":[{"href":"https:\/\/www.steameducativo.com\/makeblock\/wp-json\/wp\/v2\/pages\/302"}],"collection":[{"href":"https:\/\/www.steameducativo.com\/makeblock\/wp-json\/wp\/v2\/pages"}],"about":[{"href":"https:\/\/www.steameducativo.com\/makeblock\/wp-json\/wp\/v2\/types\/page"}],"author":[{"embeddable":true,"href":"https:\/\/www.steameducativo.com\/makeblock\/wp-json\/wp\/v2\/users\/1"}],"replies":[{"embeddable":true,"href":"https:\/\/www.steameducativo.com\/makeblock\/wp-json\/wp\/v2\/comments?post=302"}],"version-history":[{"count":0,"href":"https:\/\/www.steameducativo.com\/makeblock\/wp-json\/wp\/v2\/pages\/302\/revisions"}],"wp:featuredmedia":[{"embeddable":true,"href":"https:\/\/www.steameducativo.com\/makeblock\/wp-json\/wp\/v2\/media\/714"}],"wp:attachment":[{"href":"https:\/\/www.steameducativo.com\/makeblock\/wp-json\/wp\/v2\/media?parent=302"}],"curies":[{"name":"wp","href":"https:\/\/api.w.org\/{rel}","templated":true}]}}