{"id":616,"date":"2017-09-25T17:55:32","date_gmt":"2017-09-25T17:55:32","guid":{"rendered":"http:\/\/steameducativo.com\/makeblock\/?page_id=616"},"modified":"2020-03-02T13:51:37","modified_gmt":"2020-03-02T13:51:37","slug":"distribuidores","status":"publish","type":"page","link":"https:\/\/www.steameducativo.com\/makeblock\/distribuidores\/","title":{"rendered":"Distribuidores"},"content":{"rendered":"<p>[vc_row][vc_column][vc_single_image image=&#8221;935&#8243; img_size=&#8221;full&#8221;]<div id=\"ultimate-heading-729569edc25aefb1d\" class=\"uvc-heading ult-adjust-bottom-margin ultimate-heading-729569edc25aefb1d uvc-2130 \" data-hspacer=\"no_spacer\"  data-halign=\"center\" style=\"text-align:center\"><div class=\"uvc-heading-spacer no_spacer\" style=\"top\"><\/div><div class=\"uvc-main-heading ult-responsive\"  data-ultimate-target='.uvc-heading.ultimate-heading-729569edc25aefb1d h2'  data-responsive-json-new='{\"font-size\":\"\",\"line-height\":\"\"}' ><h2 style=\"font-weight:normal;\">NUESTROS DISTRIBUIDORES<\/h2><\/div><\/div>[vc_raw_html]JTNDZGl2JTIwY2xhc3MlM0QlMjJ1dmMtaGVhZGluZy1zcGFjZXIlMjBsaW5lX29ubHklMjIlMjBzdHlsZSUzRCUyMmhlaWdodCUzQTVweCUzQiUyMiUzRSUzQ3NwYW4lMjBjbGFzcyUzRCUyMnV2Yy1oZWFkaW5ncy1saW5lJTIwaGVhZGluZ19saW5lX2N1c3RvbSUyMiUyMHN0eWxlJTNEJTIyYm9yZGVyLXN0eWxlJTNBJTIwc29saWQlM0IlMjBib3JkZXItYm90dG9tJTNBJTIwNXB4JTIwc29saWQlMjByZ2IlMjg3MyUyQyUyMDE2MiUyQyUyMDE2OCUyOSUzQiUyMGJvcmRlci1jb2xvciUzQSUyMHJnYiUyODczJTJDJTIwMTYyJTJDJTIwMTY4JTI5JTNCJTIwbWF4LXdpZHRoJTNBJTIwMTkwcHglM0IlMjBkaXNwbGF5JTNBYmxvY2slM0JtYXJnaW4lM0EwJTIwYXV0byUyMiUzRSUzQyUyRnNwYW4lM0UlM0MlMkZkaXYlM0U=[\/vc_raw_html][vc_wp_text]<\/p>\n<p style=\"text-align: center; font-size: 19px;\"><em>Queremos extender nuestras soluciones educativas basadas en rob\u00f3tica a todo el Paraguay. Si deseas ser parte de nuestra red de enlaces de educaci\u00f3n y formaci\u00f3n, esperamos tu contacto.<\/em><\/p>\n<p>[\/vc_wp_text][\/vc_column][\/vc_row][vc_row full_width=&#8221;stretch_row&#8221; el_id=&#8221;contactos&#8221; css=&#8221;.vc_custom_1583156934424{margin-top: 30px !important;background-image: url(https:\/\/www.steameducativo.com\/makeblock\/wp-content\/uploads\/2017\/09\/bg-footer.jpg?id=502) !important;}&#8221;][vc_column]<div id=\"ultimate-heading-263669edc25aefb44\" class=\"uvc-heading ult-adjust-bottom-margin ultimate-heading-263669edc25aefb44 uvc-5854 \" data-hspacer=\"no_spacer\"  data-halign=\"center\" style=\"text-align:center\"><div class=\"uvc-heading-spacer no_spacer\" style=\"top\"><\/div><div class=\"uvc-main-heading ult-responsive\"  data-ultimate-target='.uvc-heading.ultimate-heading-263669edc25aefb44 h2'  data-responsive-json-new='{\"font-size\":\"\",\"line-height\":\"\"}' ><h2 style=\"font-weight:bold;\">CONT\u00c1CTENOS<\/h2><\/div><\/div>[vc_row_inner][vc_column_inner width=&#8221;1\/6&#8243;][\/vc_column_inner][vc_column_inner width=&#8221;2\/3&#8243;]<div role=\"form\" class=\"wpcf7\" id=\"wpcf7-f510-o1\" lang=\"es-ES\" dir=\"ltr\">\n<div class=\"screen-reader-response\"><p role=\"status\" aria-live=\"polite\" aria-atomic=\"true\"><\/p> <ul><\/ul><\/div>\n<form action=\"\/makeblock\/wp-json\/wp\/v2\/pages\/616#wpcf7-f510-o1\" method=\"post\" class=\"wpcf7-form init\" novalidate=\"novalidate\" data-status=\"init\">\n<div style=\"display: none;\">\n<input type=\"hidden\" name=\"_wpcf7\" value=\"510\" \/>\n<input type=\"hidden\" name=\"_wpcf7_version\" value=\"5.6.1\" \/>\n<input type=\"hidden\" name=\"_wpcf7_locale\" value=\"es_ES\" \/>\n<input type=\"hidden\" name=\"_wpcf7_unit_tag\" value=\"wpcf7-f510-o1\" \/>\n<input type=\"hidden\" name=\"_wpcf7_container_post\" value=\"0\" \/>\n<input type=\"hidden\" name=\"_wpcf7_posted_data_hash\" value=\"\" \/>\n<input type=\"hidden\" name=\"_wpcf7_recaptcha_response\" value=\"\" \/>\n<\/div>\n<div class=\"vc_row\" style=\"line-height:30px\">\n<div class=\"vc_col-sm-6\">\n<p>Nombre y Apellido<br \/>\n\t\t<span class=\"wpcf7-form-control-wrap\" data-name=\"your-name\"><input type=\"text\" name=\"your-name\" value=\"\" size=\"100\" class=\"wpcf7-form-control wpcf7-text wpcf7-validates-as-required bgk\" aria-required=\"true\" aria-invalid=\"false\" \/><\/span> <\/p>\n<\/div>\n<div class=\"vc_col-sm-6\">\n<p>Empresa\/Instituci\u00f3n<br \/>\n\t\t<span class=\"wpcf7-form-control-wrap\" data-name=\"empresa\"><input type=\"text\" name=\"empresa\" value=\"\" size=\"100\" class=\"wpcf7-form-control wpcf7-text bgk\" aria-invalid=\"false\" \/><\/span> <\/p>\n<\/div>\n<div class=\"vc_col-sm-6\">\n<p>Tel\u00e9fono<br \/>\n\t\t<span class=\"wpcf7-form-control-wrap\" data-name=\"telefono\"><input type=\"text\" name=\"telefono\" value=\"\" size=\"100\" class=\"wpcf7-form-control wpcf7-text wpcf7-validates-as-required bgk\" aria-required=\"true\" aria-invalid=\"false\" \/><\/span> <\/p>\n<\/div>\n<div class=\"vc_col-sm-6\">\n<p>L\u00ednea Baja<br \/>\n\t\t<span class=\"wpcf7-form-control-wrap\" data-name=\"linea_baja\"><input type=\"text\" name=\"linea_baja\" value=\"\" size=\"100\" class=\"wpcf7-form-control wpcf7-text wpcf7-validates-as-required bgk\" aria-required=\"true\" aria-invalid=\"false\" \/><\/span> <\/p>\n<\/div>\n<div class=\"vc_col-sm-6\">\n<p>Email<br \/>\n\t\t<span class=\"wpcf7-form-control-wrap\" data-name=\"your-email\"><input type=\"email\" name=\"your-email\" value=\"\" size=\"100\" class=\"wpcf7-form-control wpcf7-text wpcf7-email wpcf7-validates-as-required wpcf7-validates-as-email bgk\" aria-required=\"true\" aria-invalid=\"false\" \/><\/span> <\/p>\n<\/div>\n<div class=\"vc_col-sm-6\">\n<p>Asunto<br \/>\n\t\t<span class=\"wpcf7-form-control-wrap\" data-name=\"your-subject\"><input type=\"text\" name=\"your-subject\" value=\"\" size=\"100\" class=\"wpcf7-form-control wpcf7-text bgk\" aria-invalid=\"false\" \/><\/span> <\/p>\n<\/div>\n<div class=\"vc_col-sm-12\">\n<p>Mensaje<br \/>\n\t\t<span class=\"wpcf7-form-control-wrap\" data-name=\"your-message\"><textarea name=\"your-message\" cols=\"99\" rows=\"5\" class=\"wpcf7-form-control wpcf7-textarea bgk\" aria-invalid=\"false\"><\/textarea><\/span> <\/p>\n<\/div>\n<div style=\"clear: both;min-height: 200px;\">\n<div class=\"vc_col-sm-6\">\n<p style=\"margin-top: 17px;\">\n<\/div>\n<div class=\"vc_col-sm-6\">\n<p style=\"margin-top: 30px;float: right;\"><input type=\"submit\" value=\"Enviar\" class=\"wpcf7-form-control has-spinner wpcf7-submit\" \/><\/p>\n<\/div>\n<\/div>\n<\/div>\n<div class=\"wpcf7-response-output\" aria-hidden=\"true\"><\/div><\/form><\/div>[\/vc_column_inner][vc_column_inner width=&#8221;1\/6&#8243;][\/vc_column_inner][\/vc_row_inner][\/vc_column][\/vc_row][vc_row full_width=&#8221;stretch_row&#8221; disable_element=&#8221;yes&#8221; css=&#8221;.vc_custom_1504628288702{background-color: #000d37 !important;}&#8221;][vc_column][vc_column_text css=&#8221;.vc_custom_1583156803338{margin-top: -22px !important;}&#8221;]<\/p>\n<div class=\"heading_new\">\n<h2 style=\"color: #fff; font-size: 14px; line-height: 21px; text-align: center;\">\u00a9 Steam Educativo es un proyecto perteneciente a la red de servicios de <a style=\"color: #fff; font-size: 14px; line-height: 21px; text-align: center;\" href=\"http:\/\/www.alexatigroup.com\/\" target=\"_blank\" rel=\"noopener noreferrer\">aleXati Group<\/a> | Todos los Derechos Reservados \u00a9 2020<\/h2>\n<\/div>\n<p>[\/vc_column_text][\/vc_column][\/vc_row]<\/p>\n","protected":false},"excerpt":{"rendered":"<p>[vc_row][vc_column][vc_single_image image=&#8221;935&#8243; img_size=&#8221;full&#8221;][vc_raw_html]JTNDZGl2JTIwY2xhc3MlM0QlMjJ1dmMtaGVhZGluZy1zcGFjZXIlMjBsaW5lX29ubHklMjIlMjBzdHlsZSUzRCUyMmhlaWdodCUzQTVweCUzQiUyMiUzRSUzQ3NwYW4lMjBjbGFzcyUzRCUyMnV2Yy1oZWFkaW5ncy1saW5lJTIwaGVhZGluZ19saW5lX2N1c3RvbSUyMiUyMHN0eWxlJTNEJTIyYm9yZGVyLXN0eWxlJTNBJTIwc29saWQlM0IlMjBib3JkZXItYm90dG9tJTNBJTIwNXB4JTIwc29saWQlMjByZ2IlMjg3MyUyQyUyMDE2MiUyQyUyMDE2OCUyOSUzQiUyMGJvcmRlci1jb2xvciUzQSUyMHJnYiUyODczJTJDJTIwMTYyJTJDJTIwMTY4JTI5JTNCJTIwbWF4LXdpZHRoJTNBJTIwMTkwcHglM0IlMjBkaXNwbGF5JTNBYmxvY2slM0JtYXJnaW4lM0EwJTIwYXV0byUyMiUzRSUzQyUyRnNwYW4lM0UlM0MlMkZkaXYlM0U=[\/vc_raw_html][vc_wp_text] Queremos extender nuestras soluciones educativas basadas en rob\u00f3tica a todo el Paraguay. Si deseas ser parte de nuestra red de enlaces de educaci\u00f3n y formaci\u00f3n, esperamos tu&nbsp;<a href=\"https:\/\/www.steameducativo.com\/makeblock\/distribuidores\/\">[&hellip;]<\/a><\/p>\n","protected":false},"author":1,"featured_media":714,"parent":0,"menu_order":0,"comment_status":"closed","ping_status":"closed","template":"template-fullwidth.php","meta":[],"yoast_head":"<!-- This site is optimized with the Yoast SEO plugin v14.4.1 - https:\/\/yoast.com\/wordpress\/plugins\/seo\/ -->\n<title>Distribuidores - Makeblock Paraguay<\/title>\n<meta name=\"description\" content=\"Queremos extender nuestras soluciones educativas basadas en rob\u00f3tica a todo el Paraguay. Si deseas ser parte de nuestra red de enlaces de educaci\u00f3n y formaci\u00f3n, esperamos tu contacto.\" \/>\n<meta name=\"robots\" content=\"index, follow\" \/>\n<meta name=\"googlebot\" content=\"index, follow, max-snippet:-1, max-image-preview:large, max-video-preview:-1\" \/>\n<meta name=\"bingbot\" content=\"index, follow, max-snippet:-1, max-image-preview:large, max-video-preview:-1\" \/>\n<link rel=\"canonical\" href=\"https:\/\/www.steameducativo.com\/makeblock\/distribuidores\/\" \/>\n<meta property=\"og:locale\" content=\"es_ES\" \/>\n<meta property=\"og:type\" content=\"article\" \/>\n<meta property=\"og:title\" content=\"Distribuidores - Makeblock Paraguay\" \/>\n<meta property=\"og:description\" content=\"Queremos extender nuestras soluciones educativas basadas en rob\u00f3tica a todo el Paraguay. Si deseas ser parte de nuestra red de enlaces de educaci\u00f3n y formaci\u00f3n, esperamos tu contacto.\" \/>\n<meta property=\"og:url\" content=\"https:\/\/www.steameducativo.com\/makeblock\/distribuidores\/\" \/>\n<meta property=\"og:site_name\" content=\"Makeblock Paraguay\" \/>\n<meta property=\"article:modified_time\" content=\"2020-03-02T13:51:37+00:00\" \/>\n<meta property=\"og:image\" content=\"https:\/\/www.steameducativo.com\/makeblock\/wp-content\/uploads\/2017\/10\/banner-fb.png\" \/>\n\t<meta property=\"og:image:width\" content=\"1200\" \/>\n\t<meta property=\"og:image:height\" content=\"628\" \/>\n<meta name=\"twitter:card\" content=\"summary\" \/>\n<meta name=\"twitter:title\" content=\"Distribuidores - Makeblock Paraguay\" \/>\n<meta name=\"twitter:description\" content=\"Queremos extender nuestras soluciones educativas basadas en rob\u00f3tica a todo el Paraguay. Si deseas ser parte de nuestra red de enlaces de educaci\u00f3n y formaci\u00f3n, esperamos tu contacto.\" \/>\n<script type=\"application\/ld+json\" class=\"yoast-schema-graph\">{\"@context\":\"https:\/\/schema.org\",\"@graph\":[{\"@type\":\"WebSite\",\"@id\":\"https:\/\/www.steameducativo.com\/makeblock\/#website\",\"url\":\"https:\/\/www.steameducativo.com\/makeblock\/\",\"name\":\"Makeblock Paraguay\",\"description\":\"Cursos de rob\\u00f3tica, v\\u00eddeojuegos, dise\\u00f1o gr\\u00e1fico para ni\\u00f1os y adolescentes.\",\"potentialAction\":[{\"@type\":\"SearchAction\",\"target\":\"https:\/\/www.steameducativo.com\/makeblock\/?s={search_term_string}\",\"query-input\":\"required name=search_term_string\"}],\"inLanguage\":\"es\"},{\"@type\":\"ImageObject\",\"@id\":\"https:\/\/www.steameducativo.com\/makeblock\/distribuidores\/#primaryimage\",\"inLanguage\":\"es\",\"url\":\"https:\/\/www.steameducativo.com\/makeblock\/wp-content\/uploads\/2017\/10\/banner-fb.png\",\"width\":1200,\"height\":628},{\"@type\":\"WebPage\",\"@id\":\"https:\/\/www.steameducativo.com\/makeblock\/distribuidores\/#webpage\",\"url\":\"https:\/\/www.steameducativo.com\/makeblock\/distribuidores\/\",\"name\":\"Distribuidores - Makeblock Paraguay\",\"isPartOf\":{\"@id\":\"https:\/\/www.steameducativo.com\/makeblock\/#website\"},\"primaryImageOfPage\":{\"@id\":\"https:\/\/www.steameducativo.com\/makeblock\/distribuidores\/#primaryimage\"},\"datePublished\":\"2017-09-25T17:55:32+00:00\",\"dateModified\":\"2020-03-02T13:51:37+00:00\",\"description\":\"Queremos extender nuestras soluciones educativas basadas en rob\\u00f3tica a todo el Paraguay. Si deseas ser parte de nuestra red de enlaces de educaci\\u00f3n y formaci\\u00f3n, esperamos tu contacto.\",\"inLanguage\":\"es\",\"potentialAction\":[{\"@type\":\"ReadAction\",\"target\":[\"https:\/\/www.steameducativo.com\/makeblock\/distribuidores\/\"]}]}]}<\/script>\n<!-- \/ Yoast SEO plugin. -->","_links":{"self":[{"href":"https:\/\/www.steameducativo.com\/makeblock\/wp-json\/wp\/v2\/pages\/616"}],"collection":[{"href":"https:\/\/www.steameducativo.com\/makeblock\/wp-json\/wp\/v2\/pages"}],"about":[{"href":"https:\/\/www.steameducativo.com\/makeblock\/wp-json\/wp\/v2\/types\/page"}],"author":[{"embeddable":true,"href":"https:\/\/www.steameducativo.com\/makeblock\/wp-json\/wp\/v2\/users\/1"}],"replies":[{"embeddable":true,"href":"https:\/\/www.steameducativo.com\/makeblock\/wp-json\/wp\/v2\/comments?post=616"}],"version-history":[{"count":5,"href":"https:\/\/www.steameducativo.com\/makeblock\/wp-json\/wp\/v2\/pages\/616\/revisions"}],"predecessor-version":[{"id":1194,"href":"https:\/\/www.steameducativo.com\/makeblock\/wp-json\/wp\/v2\/pages\/616\/revisions\/1194"}],"wp:featuredmedia":[{"embeddable":true,"href":"https:\/\/www.steameducativo.com\/makeblock\/wp-json\/wp\/v2\/media\/714"}],"wp:attachment":[{"href":"https:\/\/www.steameducativo.com\/makeblock\/wp-json\/wp\/v2\/media?parent=616"}],"curies":[{"name":"wp","href":"https:\/\/api.w.org\/{rel}","templated":true}]}}