{"id":168,"date":"2015-12-12T11:25:45","date_gmt":"2015-12-12T11:25:45","guid":{"rendered":"http:\/\/skilled.aislinthemes.com\/product\/anatomy-for-figure-drawing-mastering-the-human-figure-2\/"},"modified":"2020-11-17T18:23:33","modified_gmt":"2020-11-17T18:23:33","slug":"ranger-robot","status":"publish","type":"product","link":"https:\/\/www.steameducativo.com\/makeblock\/producto\/ranger-robot\/","title":{"rendered":"Ranger Robot"},"content":{"rendered":"<p>Cuenta con funciones predeterminadas construidas en la aplicaci\u00f3n m\u00f3vil de Makeblock para poder utilizarlo y jugar de manera inmediata. Tambi\u00e9n permite programarlo a trav\u00e9s del mBlock, el cual es un ambiente de programaci\u00f3n gr\u00e1fica basada en Scratch 2.0 y que es de c\u00f3digo abierto. El mBlock facilita los proyectos de programaci\u00f3n y las aplicaciones interactivas mediante el arrastre de bloques funcionales, totalmente amigable para ni\u00f1os. Adem\u00e1s de poder programarlo desde una PC, el Ranger puede ser programado a trav\u00e9s de un smartphone o tablet con Android, o desde un iPad mediante la aplicaci\u00f3n Makeblock HD, que proporciona a los proyectos existentes la capacidad de conectarse de manera remota y mantenerse conectado a los dispositivos v\u00eda Bluetooth y enviar el c\u00f3digo de programaci\u00f3n al tocar un solo bot\u00f3n, lo que hace sumamente sencillo el controlar los dispositivos.<\/p>\n<p>&nbsp;<\/p>\n","protected":false},"excerpt":{"rendered":"<p>El Ranger es un robot 3 en 1, para alumnos del Tercer Ciclo escolar, pues permite construirlo de tres maneras distintas 1) El Todo Terreno (Land raider), 2) El Depredador (Dashing Raptor) y, 3) Autobalance &#8211; P\u00e1jaro (Self-balance nervous bird).<\/p>\n<p>Es un kit de rob\u00f3tica educativa ideal para introducirse o ampliar los conocimientos en mec\u00e1nica, electr\u00f3nica y programaci\u00f3n, y en los dem\u00e1s conceptos STEAM.<\/p>\n<p class=\"ocultar_precio\">\n<strong style=\"color: orange; padding-top: 30px; display: inline-block;\"> &#8211; Precio p\u00fablico:<\/strong> USD 303<br \/>\n<strong style=\"color: orange;\"> &#8211; Precio educativo:<\/strong> USD 267<\/p>\n","protected":false},"featured_media":346,"template":"","meta":[],"yoast_head":"<!-- This site is optimized with the Yoast SEO plugin v14.4.1 - https:\/\/yoast.com\/wordpress\/plugins\/seo\/ -->\n<title>Ranger Robot | Makeblock Paraguay<\/title>\n<meta name=\"description\" content=\"El Ranger es un robot 3 en 1, para alumnos del tercer ciclo escolar, pues permite construirlo de tres maneras distintas 1) El Todo Terreno (Land raider)\" \/>\n<meta name=\"robots\" content=\"index, follow\" \/>\n<meta name=\"googlebot\" content=\"index, follow, max-snippet:-1, max-image-preview:large, max-video-preview:-1\" \/>\n<meta name=\"bingbot\" content=\"index, follow, max-snippet:-1, max-image-preview:large, max-video-preview:-1\" \/>\n<link rel=\"canonical\" href=\"https:\/\/www.steameducativo.com\/makeblock\/producto\/ranger-robot\/\" \/>\n<meta property=\"og:locale\" content=\"es_ES\" \/>\n<meta property=\"og:type\" content=\"article\" \/>\n<meta property=\"og:title\" content=\"Ranger Robot | Makeblock Paraguay\" \/>\n<meta property=\"og:description\" content=\"El Ranger es un robot 3 en 1, para alumnos del tercer ciclo escolar, pues permite construirlo de tres maneras distintas 1) El Todo Terreno (Land raider)\" \/>\n<meta property=\"og:url\" content=\"https:\/\/www.steameducativo.com\/makeblock\/producto\/ranger-robot\/\" \/>\n<meta property=\"og:site_name\" content=\"Makeblock Paraguay\" \/>\n<meta property=\"article:modified_time\" content=\"2020-11-17T18:23:33+00:00\" \/>\n<meta property=\"og:image\" content=\"https:\/\/www.steameducativo.com\/makeblock\/wp-content\/uploads\/2017\/08\/Ranger-Robot-img-destacada.jpg\" \/>\n\t<meta property=\"og:image:width\" content=\"711\" \/>\n\t<meta property=\"og:image:height\" content=\"719\" \/>\n<meta name=\"twitter:card\" content=\"summary\" \/>\n<script type=\"application\/ld+json\" class=\"yoast-schema-graph\">{\"@context\":\"https:\/\/schema.org\",\"@graph\":[{\"@type\":\"WebSite\",\"@id\":\"https:\/\/www.steameducativo.com\/makeblock\/#website\",\"url\":\"https:\/\/www.steameducativo.com\/makeblock\/\",\"name\":\"Makeblock Paraguay\",\"description\":\"Cursos de rob\\u00f3tica, v\\u00eddeojuegos, dise\\u00f1o gr\\u00e1fico para ni\\u00f1os y adolescentes.\",\"potentialAction\":[{\"@type\":\"SearchAction\",\"target\":\"https:\/\/www.steameducativo.com\/makeblock\/?s={search_term_string}\",\"query-input\":\"required name=search_term_string\"}],\"inLanguage\":\"es\"},{\"@type\":\"ImageObject\",\"@id\":\"https:\/\/www.steameducativo.com\/makeblock\/producto\/ranger-robot\/#primaryimage\",\"inLanguage\":\"es\",\"url\":\"https:\/\/www.steameducativo.com\/makeblock\/wp-content\/uploads\/2017\/08\/Ranger-Robot-img-destacada.jpg\",\"width\":711,\"height\":719},{\"@type\":\"WebPage\",\"@id\":\"https:\/\/www.steameducativo.com\/makeblock\/producto\/ranger-robot\/#webpage\",\"url\":\"https:\/\/www.steameducativo.com\/makeblock\/producto\/ranger-robot\/\",\"name\":\"Ranger Robot | Makeblock Paraguay\",\"isPartOf\":{\"@id\":\"https:\/\/www.steameducativo.com\/makeblock\/#website\"},\"primaryImageOfPage\":{\"@id\":\"https:\/\/www.steameducativo.com\/makeblock\/producto\/ranger-robot\/#primaryimage\"},\"datePublished\":\"2015-12-12T11:25:45+00:00\",\"dateModified\":\"2020-11-17T18:23:33+00:00\",\"description\":\"El Ranger es un robot 3 en 1, para alumnos del tercer ciclo escolar, pues permite construirlo de tres maneras distintas 1) El Todo Terreno (Land raider)\",\"inLanguage\":\"es\",\"potentialAction\":[{\"@type\":\"ReadAction\",\"target\":[\"https:\/\/www.steameducativo.com\/makeblock\/producto\/ranger-robot\/\"]}]}]}<\/script>\n<!-- \/ Yoast SEO plugin. -->","_links":{"self":[{"href":"https:\/\/www.steameducativo.com\/makeblock\/wp-json\/wp\/v2\/product\/168"}],"collection":[{"href":"https:\/\/www.steameducativo.com\/makeblock\/wp-json\/wp\/v2\/product"}],"about":[{"href":"https:\/\/www.steameducativo.com\/makeblock\/wp-json\/wp\/v2\/types\/product"}],"wp:featuredmedia":[{"embeddable":true,"href":"https:\/\/www.steameducativo.com\/makeblock\/wp-json\/wp\/v2\/media\/346"}],"wp:attachment":[{"href":"https:\/\/www.steameducativo.com\/makeblock\/wp-json\/wp\/v2\/media?parent=168"}],"curies":[{"name":"wp","href":"https:\/\/api.w.org\/{rel}","templated":true}]}}