{"id":372,"date":"2017-08-23T18:56:18","date_gmt":"2017-08-23T18:56:18","guid":{"rendered":"http:\/\/steameducativo.com\/make-block\/?post_type=product&#038;p=372"},"modified":"2020-11-17T18:11:23","modified_gmt":"2020-11-17T18:11:23","slug":"airblock-robot","status":"publish","type":"product","link":"https:\/\/www.steameducativo.com\/makeblock\/producto\/airblock-robot\/","title":{"rendered":"Airblock Drone convertible y programable"},"content":{"rendered":"<div style=\"float: left; max-width: 50%; margin-top: 7%;\">El Airblock es ideal para que los alumnos puedan iniciare en el aprendizaje de la programaci\u00f3n y en las disciplinas STEAM, es modular y vers\u00e1til, ya que puede ser utilizado en aire, agua y tierra. Es f\u00e1cil de ensamblar y muy resistente a los golpes y ca\u00eddas. Cuenta con conectores magn\u00e9ticos. Airblock es una herramienta divertida e intuitiva. Su interfaz de programaci\u00f3n gr\u00e1fica lo convierte en una plataforma que estimula el aprendizaje continuo y sin l\u00edmites m\u00e1s que la imaginaci\u00f3n.<\/div>\n<div style=\"float: right; max-width: 50%;\"><iframe loading=\"lazy\" src=\"https:\/\/www.youtube.com\/embed\/sN6tnxPGvwk\" width=\"560\" height=\"315\" frameborder=\"0\" allowfullscreen=\"allowfullscreen\"><\/iframe><\/div>\n","protected":false},"excerpt":{"rendered":"<p>Airblock, m\u00e1s que un juguete divertido, es una herramienta eficaz que ayuda a los alumnos a poder sumergirse en el mundo de la creatividad y la originalidad, desarrollando el pensamiento l\u00f3gico y cr\u00edtico de forma innovadora y entretenida. Tiene la versatilidad de poder utilizarse de formas distintas, drone, aerodeslizador (hovercraft), y mucho m\u00e1s.<\/p>\n<p class=\"ocultar_precio\">\n<strong style=\"color:orange;padding-top:30px;display:inline-block;\"> &#8211; Precio p\u00fablico:<\/strong> USD 278<br \/>\n<strong style=\"color: orange\"> &#8211; Precio educativo:<\/strong> USD 245<\/p>\n","protected":false},"featured_media":907,"template":"","meta":[],"yoast_head":"<!-- This site is optimized with the Yoast SEO plugin v14.4.1 - https:\/\/yoast.com\/wordpress\/plugins\/seo\/ -->\n<title>Airblock Drone convertible y programable | Makeblock Paraguay<\/title>\n<meta name=\"description\" content=\"Airblock, m\u00e1s que un juguete divertido, es una herramienta eficaz que ayuda a los alumnos a poder sumergirse en el mundo de la creatividad y la originalidad, desarrollando el pensamiento l\u00f3gico y cr\u00edtico de forma innovadora y entretenida.\" \/>\n<meta name=\"robots\" content=\"index, follow\" \/>\n<meta name=\"googlebot\" content=\"index, follow, max-snippet:-1, max-image-preview:large, max-video-preview:-1\" \/>\n<meta name=\"bingbot\" content=\"index, follow, max-snippet:-1, max-image-preview:large, max-video-preview:-1\" \/>\n<link rel=\"canonical\" href=\"https:\/\/www.steameducativo.com\/makeblock\/producto\/airblock-robot\/\" \/>\n<meta property=\"og:locale\" content=\"es_ES\" \/>\n<meta property=\"og:type\" content=\"article\" \/>\n<meta property=\"og:title\" content=\"Airblock Drone convertible y programable | Makeblock Paraguay\" \/>\n<meta property=\"og:description\" content=\"Airblock, m\u00e1s que un juguete divertido, es una herramienta eficaz que ayuda a los alumnos a poder sumergirse en el mundo de la creatividad y la originalidad, desarrollando el pensamiento l\u00f3gico y cr\u00edtico de forma innovadora y entretenida.\" \/>\n<meta property=\"og:url\" content=\"https:\/\/www.steameducativo.com\/makeblock\/producto\/airblock-robot\/\" \/>\n<meta property=\"og:site_name\" content=\"Makeblock Paraguay\" \/>\n<meta property=\"article:modified_time\" content=\"2020-11-17T18:11:23+00:00\" \/>\n<meta property=\"og:image\" content=\"https:\/\/www.steameducativo.com\/makeblock\/wp-content\/uploads\/2017\/08\/Airblock-Drone-destacada.jpeg\" \/>\n\t<meta property=\"og:image:width\" content=\"923\" \/>\n\t<meta property=\"og:image:height\" content=\"923\" \/>\n<meta name=\"twitter:card\" content=\"summary\" \/>\n<meta name=\"twitter:title\" content=\"Airblock Drone convertible y programable | Makeblock Paraguay\" \/>\n<meta name=\"twitter:description\" content=\"Airblock, m\u00e1s que un juguete divertido, es una herramienta eficaz que ayuda a los alumnos a poder sumergirse en el mundo de la creatividad y la originalidad, desarrollando el pensamiento l\u00f3gico y cr\u00edtico de forma innovadora y entretenida.\" \/>\n<script type=\"application\/ld+json\" class=\"yoast-schema-graph\">{\"@context\":\"https:\/\/schema.org\",\"@graph\":[{\"@type\":\"WebSite\",\"@id\":\"https:\/\/www.steameducativo.com\/makeblock\/#website\",\"url\":\"https:\/\/www.steameducativo.com\/makeblock\/\",\"name\":\"Makeblock Paraguay\",\"description\":\"Cursos de rob\\u00f3tica, v\\u00eddeojuegos, dise\\u00f1o gr\\u00e1fico para ni\\u00f1os y adolescentes.\",\"potentialAction\":[{\"@type\":\"SearchAction\",\"target\":\"https:\/\/www.steameducativo.com\/makeblock\/?s={search_term_string}\",\"query-input\":\"required name=search_term_string\"}],\"inLanguage\":\"es\"},{\"@type\":\"ImageObject\",\"@id\":\"https:\/\/www.steameducativo.com\/makeblock\/producto\/airblock-robot\/#primaryimage\",\"inLanguage\":\"es\",\"url\":\"https:\/\/www.steameducativo.com\/makeblock\/wp-content\/uploads\/2017\/08\/Airblock-Drone-destacada.jpeg\",\"width\":923,\"height\":923},{\"@type\":\"WebPage\",\"@id\":\"https:\/\/www.steameducativo.com\/makeblock\/producto\/airblock-robot\/#webpage\",\"url\":\"https:\/\/www.steameducativo.com\/makeblock\/producto\/airblock-robot\/\",\"name\":\"Airblock Drone convertible y programable | Makeblock Paraguay\",\"isPartOf\":{\"@id\":\"https:\/\/www.steameducativo.com\/makeblock\/#website\"},\"primaryImageOfPage\":{\"@id\":\"https:\/\/www.steameducativo.com\/makeblock\/producto\/airblock-robot\/#primaryimage\"},\"datePublished\":\"2017-08-23T18:56:18+00:00\",\"dateModified\":\"2020-11-17T18:11:23+00:00\",\"description\":\"Airblock, m\\u00e1s que un juguete divertido, es una herramienta eficaz que ayuda a los alumnos a poder sumergirse en el mundo de la creatividad y la originalidad, desarrollando el pensamiento l\\u00f3gico y cr\\u00edtico de forma innovadora y entretenida.\",\"inLanguage\":\"es\",\"potentialAction\":[{\"@type\":\"ReadAction\",\"target\":[\"https:\/\/www.steameducativo.com\/makeblock\/producto\/airblock-robot\/\"]}]}]}<\/script>\n<!-- \/ Yoast SEO plugin. -->","_links":{"self":[{"href":"https:\/\/www.steameducativo.com\/makeblock\/wp-json\/wp\/v2\/product\/372"}],"collection":[{"href":"https:\/\/www.steameducativo.com\/makeblock\/wp-json\/wp\/v2\/product"}],"about":[{"href":"https:\/\/www.steameducativo.com\/makeblock\/wp-json\/wp\/v2\/types\/product"}],"wp:featuredmedia":[{"embeddable":true,"href":"https:\/\/www.steameducativo.com\/makeblock\/wp-json\/wp\/v2\/media\/907"}],"wp:attachment":[{"href":"https:\/\/www.steameducativo.com\/makeblock\/wp-json\/wp\/v2\/media?parent=372"}],"curies":[{"name":"wp","href":"https:\/\/api.w.org\/{rel}","templated":true}]}}