{"id":393,"date":"2017-08-24T21:13:46","date_gmt":"2017-08-24T21:13:46","guid":{"rendered":"http:\/\/steameducativo.com\/make-block\/?post_type=product&#038;p=393"},"modified":"2020-11-17T18:08:34","modified_gmt":"2020-11-17T18:08:34","slug":"starter-robot-kit","status":"publish","type":"product","link":"https:\/\/www.steameducativo.com\/makeblock\/producto\/starter-robot-kit\/","title":{"rendered":"Starter Robot Kit"},"content":{"rendered":"<p>Con el Starter Robot Kit se puede construir un Tanque Robot y un Coche Robot de tres ruedas. Contiene m\u00f3dulos electr\u00f3nicos y se puede controlar y programar desde una notebook, tablet e incluso desde el smartphone. Con \u00e9ste kit se lograr\u00e1 desarrollar muchas capacidades en los alumnos a trav\u00e9s de la concepci\u00f3n, creaci\u00f3n, ensamblaje y puesta en funcionamiento del robot.<\/p>\n","protected":false},"excerpt":{"rendered":"<p>El Starter Robot (dos robots en uno), es un kit de iniciaci\u00f3n para principiantes, especial para alumnos de Tercer Ciclo que deseen adentrarse en los conocimientos b\u00e1sicos del mundo de la rob\u00f3tica. De manera amigable y divertida se podr\u00e1n adquirir nociones sobre electr\u00f3nica, mec\u00e1nica, c\u00e1lculo, y por supuesto todo lo necesario en programaci\u00f3n, rob\u00f3tica, y mucho m\u00e1s.<\/p>\n<p class=\"ocultar_precio\">\n<strong style=\"color:orange;padding-top:30px;display:inline-block;\"> &#8211; Precio p\u00fablico:<\/strong> USD 246<br \/>\n<strong style=\"color: orange\"> &#8211; Precio educativo:<\/strong> USD 217<\/p>\n","protected":false},"featured_media":395,"template":"","meta":[],"yoast_head":"<!-- This site is optimized with the Yoast SEO plugin v14.4.1 - https:\/\/yoast.com\/wordpress\/plugins\/seo\/ -->\n<title>Starter Robot Kit | Makeblock Paraguay<\/title>\n<meta name=\"description\" content=\"El Starter Robot (dos robots en uno), es un kit de iniciaci\u00f3n para principiantes, especial para alumnos de tercer ciclo que deseen adentrarse en los conocimientos b\u00e1sicos del mundo de la rob\u00f3tica.\" \/>\n<meta name=\"robots\" content=\"index, follow\" \/>\n<meta name=\"googlebot\" content=\"index, follow, max-snippet:-1, max-image-preview:large, max-video-preview:-1\" \/>\n<meta name=\"bingbot\" content=\"index, follow, max-snippet:-1, max-image-preview:large, max-video-preview:-1\" \/>\n<link rel=\"canonical\" href=\"https:\/\/www.steameducativo.com\/makeblock\/producto\/starter-robot-kit\/\" \/>\n<meta property=\"og:locale\" content=\"es_ES\" \/>\n<meta property=\"og:type\" content=\"article\" \/>\n<meta property=\"og:title\" content=\"Starter Robot Kit | Makeblock Paraguay\" \/>\n<meta property=\"og:description\" content=\"El Starter Robot (dos robots en uno), es un kit de iniciaci\u00f3n para principiantes, especial para alumnos de tercer ciclo que deseen adentrarse en los conocimientos b\u00e1sicos del mundo de la rob\u00f3tica.\" \/>\n<meta property=\"og:url\" content=\"https:\/\/www.steameducativo.com\/makeblock\/producto\/starter-robot-kit\/\" \/>\n<meta property=\"og:site_name\" content=\"Makeblock Paraguay\" \/>\n<meta property=\"article:modified_time\" content=\"2020-11-17T18:08:34+00:00\" \/>\n<meta property=\"og:image\" content=\"https:\/\/www.steameducativo.com\/makeblock\/wp-content\/uploads\/2017\/08\/Starter-Robot-Kit-galeria-2.jpg\" \/>\n\t<meta property=\"og:image:width\" content=\"800\" \/>\n\t<meta property=\"og:image:height\" content=\"800\" \/>\n<meta name=\"twitter:card\" content=\"summary\" \/>\n<script type=\"application\/ld+json\" class=\"yoast-schema-graph\">{\"@context\":\"https:\/\/schema.org\",\"@graph\":[{\"@type\":\"WebSite\",\"@id\":\"https:\/\/www.steameducativo.com\/makeblock\/#website\",\"url\":\"https:\/\/www.steameducativo.com\/makeblock\/\",\"name\":\"Makeblock Paraguay\",\"description\":\"Cursos de rob\\u00f3tica, v\\u00eddeojuegos, dise\\u00f1o gr\\u00e1fico para ni\\u00f1os y adolescentes.\",\"potentialAction\":[{\"@type\":\"SearchAction\",\"target\":\"https:\/\/www.steameducativo.com\/makeblock\/?s={search_term_string}\",\"query-input\":\"required name=search_term_string\"}],\"inLanguage\":\"es\"},{\"@type\":\"ImageObject\",\"@id\":\"https:\/\/www.steameducativo.com\/makeblock\/producto\/starter-robot-kit\/#primaryimage\",\"inLanguage\":\"es\",\"url\":\"https:\/\/www.steameducativo.com\/makeblock\/wp-content\/uploads\/2017\/08\/Starter-Robot-Kit-galeria-2.jpg\",\"width\":800,\"height\":800},{\"@type\":\"WebPage\",\"@id\":\"https:\/\/www.steameducativo.com\/makeblock\/producto\/starter-robot-kit\/#webpage\",\"url\":\"https:\/\/www.steameducativo.com\/makeblock\/producto\/starter-robot-kit\/\",\"name\":\"Starter Robot Kit | Makeblock Paraguay\",\"isPartOf\":{\"@id\":\"https:\/\/www.steameducativo.com\/makeblock\/#website\"},\"primaryImageOfPage\":{\"@id\":\"https:\/\/www.steameducativo.com\/makeblock\/producto\/starter-robot-kit\/#primaryimage\"},\"datePublished\":\"2017-08-24T21:13:46+00:00\",\"dateModified\":\"2020-11-17T18:08:34+00:00\",\"description\":\"El Starter Robot (dos robots en uno), es un kit de iniciaci\\u00f3n para principiantes, especial para alumnos de tercer ciclo que deseen adentrarse en los conocimientos b\\u00e1sicos del mundo de la rob\\u00f3tica.\",\"inLanguage\":\"es\",\"potentialAction\":[{\"@type\":\"ReadAction\",\"target\":[\"https:\/\/www.steameducativo.com\/makeblock\/producto\/starter-robot-kit\/\"]}]}]}<\/script>\n<!-- \/ Yoast SEO plugin. -->","_links":{"self":[{"href":"https:\/\/www.steameducativo.com\/makeblock\/wp-json\/wp\/v2\/product\/393"}],"collection":[{"href":"https:\/\/www.steameducativo.com\/makeblock\/wp-json\/wp\/v2\/product"}],"about":[{"href":"https:\/\/www.steameducativo.com\/makeblock\/wp-json\/wp\/v2\/types\/product"}],"wp:featuredmedia":[{"embeddable":true,"href":"https:\/\/www.steameducativo.com\/makeblock\/wp-json\/wp\/v2\/media\/395"}],"wp:attachment":[{"href":"https:\/\/www.steameducativo.com\/makeblock\/wp-json\/wp\/v2\/media?parent=393"}],"curies":[{"name":"wp","href":"https:\/\/api.w.org\/{rel}","templated":true}]}}