{"id":431,"date":"2017-08-30T14:57:29","date_gmt":"2017-08-30T14:57:29","guid":{"rendered":"http:\/\/steameducativo.com\/make-block\/?post_type=product&#038;p=431"},"modified":"2020-11-17T18:35:44","modified_gmt":"2020-11-17T18:35:44","slug":"pack-adicional-para-starter-brazo-robotico","status":"publish","type":"product","link":"https:\/\/www.steameducativo.com\/makeblock\/producto\/pack-adicional-para-starter-brazo-robotico\/","title":{"rendered":"Pack adicional para Starter &#8211; Brazo Rob\u00f3tico"},"content":{"rendered":"<p>Dedicado a llevar diversi\u00f3n y conocimiento. Se compone de piezas mec\u00e1nicas f\u00e1ciles de montar, m\u00f3dulos electr\u00f3nicos con etiqueta de color y una pinza de agarre, controlada por un control remoto IR, este kit tiene como objetivo ofrecer m\u00e1s diversi\u00f3n. Se podr\u00e1 emplear para recoger objetos, como por ejemplo una botella de agua y entregarla satisfactoriamente bajo comandos programados.<\/p>\n","protected":false},"excerpt":{"rendered":"<p>Transforma tu <a style=\"text-decoration: underline;\" href=\"http:\/\/steameducativo.com\/makeblock\/producto\/starter-robot-kit\/\" target=\"_blank\" rel=\"noopener noreferrer\"><strong>Starter Robot Kit.<\/strong><\/a> El Pack adicional para Starter \u2013 Brazo Rob\u00f3tico sirve para transformar tu <a style=\"text-decoration: underline;\" href=\"http:\/\/steameducativo.com\/makeblock\/producto\/starter-robot-kit\/\" target=\"_blank\" rel=\"noopener noreferrer\"><strong>Starter Robot Kit<\/strong><\/a> en un tanque con brazo rob\u00f3tico. Contiene todas las piezas que necesita para construir brazos rob\u00f3ticos, incluidos un DC Motor-37, Robot Gripper, vigas, poleas de sincronizaci\u00f3n y hardware.<\/p>\n<p class=\"ocultar_precio\">\n<strong style=\"color: orange; padding-top: 30px;display:none;\"> &#8211; Precio p\u00fablico:<\/strong> USD 146<br \/>\n<strong style=\"color: orange;display:none;\"> &#8211; Precio educativo:<\/strong> USD 129<\/p>\n","protected":false},"featured_media":432,"template":"","meta":[],"yoast_head":"<!-- This site is optimized with the Yoast SEO plugin v14.4.1 - https:\/\/yoast.com\/wordpress\/plugins\/seo\/ -->\n<title>Pack adicional para Starter - Brazo Rob\u00f3tico | Makeblock Paraguay<\/title>\n<meta name=\"description\" content=\"Transforma tu Starter Robot Kit. El Pack adicional para Starter \u2013 Brazo Rob\u00f3tico sirve para transformar tu Starter Robot Kit en un tanque con brazo rob\u00f3tico.\" \/>\n<meta name=\"robots\" content=\"index, follow\" \/>\n<meta name=\"googlebot\" content=\"index, follow, max-snippet:-1, max-image-preview:large, max-video-preview:-1\" \/>\n<meta name=\"bingbot\" content=\"index, follow, max-snippet:-1, max-image-preview:large, max-video-preview:-1\" \/>\n<link rel=\"canonical\" href=\"https:\/\/www.steameducativo.com\/makeblock\/producto\/pack-adicional-para-starter-brazo-robotico\/\" \/>\n<meta property=\"og:locale\" content=\"es_ES\" \/>\n<meta property=\"og:type\" content=\"article\" \/>\n<meta property=\"og:title\" content=\"Pack adicional para Starter - Brazo Rob\u00f3tico | Makeblock Paraguay\" \/>\n<meta property=\"og:description\" content=\"Transforma tu Starter Robot Kit. El Pack adicional para Starter \u2013 Brazo Rob\u00f3tico sirve para transformar tu Starter Robot Kit en un tanque con brazo rob\u00f3tico.\" \/>\n<meta property=\"og:url\" content=\"https:\/\/www.steameducativo.com\/makeblock\/producto\/pack-adicional-para-starter-brazo-robotico\/\" \/>\n<meta property=\"og:site_name\" content=\"Makeblock Paraguay\" \/>\n<meta property=\"article:modified_time\" content=\"2020-11-17T18:35:44+00:00\" \/>\n<meta property=\"og:image\" content=\"https:\/\/www.steameducativo.com\/makeblock\/wp-content\/uploads\/2017\/08\/Brazo-Robotico-img-principal.jpg\" \/>\n\t<meta property=\"og:image:width\" content=\"800\" \/>\n\t<meta property=\"og:image:height\" content=\"800\" \/>\n<meta name=\"twitter:card\" content=\"summary\" \/>\n<meta name=\"twitter:title\" content=\"Pack adicional para Starter - Brazo Rob\u00f3tico | Makeblock Paraguay\" \/>\n<meta name=\"twitter:description\" content=\"Transforma tu Starter Robot Kit. El Pack adicional para Starter \u2013 Brazo Rob\u00f3tico sirve para transformar tu Starter Robot Kit en un tanque con brazo rob\u00f3tico.\" \/>\n<script type=\"application\/ld+json\" class=\"yoast-schema-graph\">{\"@context\":\"https:\/\/schema.org\",\"@graph\":[{\"@type\":\"WebSite\",\"@id\":\"https:\/\/www.steameducativo.com\/makeblock\/#website\",\"url\":\"https:\/\/www.steameducativo.com\/makeblock\/\",\"name\":\"Makeblock Paraguay\",\"description\":\"Cursos de rob\\u00f3tica, v\\u00eddeojuegos, dise\\u00f1o gr\\u00e1fico para ni\\u00f1os y adolescentes.\",\"potentialAction\":[{\"@type\":\"SearchAction\",\"target\":\"https:\/\/www.steameducativo.com\/makeblock\/?s={search_term_string}\",\"query-input\":\"required name=search_term_string\"}],\"inLanguage\":\"es\"},{\"@type\":\"ImageObject\",\"@id\":\"https:\/\/www.steameducativo.com\/makeblock\/producto\/pack-adicional-para-starter-brazo-robotico\/#primaryimage\",\"inLanguage\":\"es\",\"url\":\"https:\/\/www.steameducativo.com\/makeblock\/wp-content\/uploads\/2017\/08\/Brazo-Robotico-img-principal.jpg\",\"width\":800,\"height\":800},{\"@type\":\"WebPage\",\"@id\":\"https:\/\/www.steameducativo.com\/makeblock\/producto\/pack-adicional-para-starter-brazo-robotico\/#webpage\",\"url\":\"https:\/\/www.steameducativo.com\/makeblock\/producto\/pack-adicional-para-starter-brazo-robotico\/\",\"name\":\"Pack adicional para Starter - Brazo Rob\\u00f3tico | Makeblock Paraguay\",\"isPartOf\":{\"@id\":\"https:\/\/www.steameducativo.com\/makeblock\/#website\"},\"primaryImageOfPage\":{\"@id\":\"https:\/\/www.steameducativo.com\/makeblock\/producto\/pack-adicional-para-starter-brazo-robotico\/#primaryimage\"},\"datePublished\":\"2017-08-30T14:57:29+00:00\",\"dateModified\":\"2020-11-17T18:35:44+00:00\",\"description\":\"Transforma tu Starter Robot Kit. El Pack adicional para Starter \\u2013 Brazo Rob\\u00f3tico sirve para transformar tu Starter Robot Kit en un tanque con brazo rob\\u00f3tico.\",\"inLanguage\":\"es\",\"potentialAction\":[{\"@type\":\"ReadAction\",\"target\":[\"https:\/\/www.steameducativo.com\/makeblock\/producto\/pack-adicional-para-starter-brazo-robotico\/\"]}]}]}<\/script>\n<!-- \/ Yoast SEO plugin. -->","_links":{"self":[{"href":"https:\/\/www.steameducativo.com\/makeblock\/wp-json\/wp\/v2\/product\/431"}],"collection":[{"href":"https:\/\/www.steameducativo.com\/makeblock\/wp-json\/wp\/v2\/product"}],"about":[{"href":"https:\/\/www.steameducativo.com\/makeblock\/wp-json\/wp\/v2\/types\/product"}],"wp:featuredmedia":[{"embeddable":true,"href":"https:\/\/www.steameducativo.com\/makeblock\/wp-json\/wp\/v2\/media\/432"}],"wp:attachment":[{"href":"https:\/\/www.steameducativo.com\/makeblock\/wp-json\/wp\/v2\/media?parent=431"}],"curies":[{"name":"wp","href":"https:\/\/api.w.org\/{rel}","templated":true}]}}