{"id":447,"date":"2017-08-30T15:07:55","date_gmt":"2017-08-30T15:07:55","guid":{"rendered":"http:\/\/steameducativo.com\/make-block\/?post_type=product&#038;p=447"},"modified":"2020-02-28T01:59:38","modified_gmt":"2020-02-28T01:59:38","slug":"pack-adicional-para-mbot-interactive-light-sound","status":"publish","type":"product","link":"https:\/\/www.steameducativo.com\/makeblock\/producto\/pack-adicional-para-mbot-interactive-light-sound\/","title":{"rendered":"Pack adicional para mBot &#8211; Interactive Light &#038; Sound"},"content":{"rendered":"<p>Al momento de contar con un mBot las posibilidades creativas y de aprendizajes se multiplican para los alumnos por medio de los packs de extensiones, con los que se podr\u00e1n dar otras formas divertidas utilizando una gran variedad adicional de componentes.<\/p>\n<div style=\"max-width: 80%; margin: 30px auto; display: block; overflow: hidden;\"><img loading=\"lazy\" class=\"alignnone size-medium wp-image-838\" src=\"https:\/\/www.steameducativo.com\/makeblock\/wp-content\/uploads\/2017\/08\/Interactive-Light-Sound-follow.gif\" alt=\"\" width=\"300\" height=\"169\" \/> <img loading=\"lazy\" class=\"alignnone size-medium wp-image-839\" src=\"https:\/\/www.steameducativo.com\/makeblock\/wp-content\/uploads\/2017\/08\/Interactive-Light-Sound-touch-control.gif\" alt=\"\" width=\"300\" height=\"169\" \/> <img loading=\"lazy\" class=\"alignnone size-medium wp-image-840\" src=\"https:\/\/www.steameducativo.com\/makeblock\/wp-content\/uploads\/2017\/08\/Interactive-Light-Sound-scorpion.gif\" alt=\"\" width=\"300\" height=\"169\" \/><\/div>\n","protected":false},"excerpt":{"rendered":"<p>Es un kit de extensi\u00f3n para el mBot, que permite construir tres variables distintas. 1) Un robot que persiga la luz. 2) Un escorpi\u00f3n. 3) Un robot que se active con el sonido generando una serie de luces. Cada una de estas opciones tendr\u00e1 una infinidad de posibilidades para experimentar la magia del cambio de luces y sonidos del mBot.<\/p>\n<p class=\"ocultar_precio\">\n<strong style=\"color:orange;padding-top:30px;display:none;\"> &#8211; Precio p\u00fablico:<\/strong> USD 45<br \/>\n<strong style=\"color: orange;display:none;\"> &#8211; Precio educativo:<\/strong> USD 39<\/p>\n","protected":false},"featured_media":448,"template":"","meta":[],"yoast_head":"<!-- This site is optimized with the Yoast SEO plugin v14.4.1 - https:\/\/yoast.com\/wordpress\/plugins\/seo\/ -->\n<title>Pack adicional para mBot - Interactive Light &amp; Sound | Makeblock Paraguay<\/title>\n<meta name=\"description\" content=\"Es un kit de extensi\u00f3n para el mBot, que permite construir tres variables distintas. 1) Un robot que persiga la luz. 2) Un escorpi\u00f3n. 3) Un robot que se active con el sonido generando una serie de luces.\" \/>\n<meta name=\"robots\" content=\"index, follow\" \/>\n<meta name=\"googlebot\" content=\"index, follow, max-snippet:-1, max-image-preview:large, max-video-preview:-1\" \/>\n<meta name=\"bingbot\" content=\"index, follow, max-snippet:-1, max-image-preview:large, max-video-preview:-1\" \/>\n<link rel=\"canonical\" href=\"https:\/\/www.steameducativo.com\/makeblock\/producto\/pack-adicional-para-mbot-interactive-light-sound\/\" \/>\n<meta property=\"og:locale\" content=\"es_ES\" \/>\n<meta property=\"og:type\" content=\"article\" \/>\n<meta property=\"og:title\" content=\"Pack adicional para mBot - Interactive Light &amp; Sound | Makeblock Paraguay\" \/>\n<meta property=\"og:description\" content=\"Es un kit de extensi\u00f3n para el mBot, que permite construir tres variables distintas. 1) Un robot que persiga la luz. 2) Un escorpi\u00f3n. 3) Un robot que se active con el sonido generando una serie de luces.\" \/>\n<meta property=\"og:url\" content=\"https:\/\/www.steameducativo.com\/makeblock\/producto\/pack-adicional-para-mbot-interactive-light-sound\/\" \/>\n<meta property=\"og:site_name\" content=\"Makeblock Paraguay\" \/>\n<meta property=\"article:modified_time\" content=\"2020-02-28T01:59:38+00:00\" \/>\n<meta property=\"og:image\" content=\"https:\/\/www.steameducativo.com\/makeblock\/wp-content\/uploads\/2017\/08\/Interactive-Light-Sound-img-destacada.jpg\" \/>\n\t<meta property=\"og:image:width\" content=\"800\" \/>\n\t<meta property=\"og:image:height\" content=\"800\" \/>\n<meta name=\"twitter:card\" content=\"summary\" \/>\n<script type=\"application\/ld+json\" class=\"yoast-schema-graph\">{\"@context\":\"https:\/\/schema.org\",\"@graph\":[{\"@type\":\"WebSite\",\"@id\":\"https:\/\/www.steameducativo.com\/makeblock\/#website\",\"url\":\"https:\/\/www.steameducativo.com\/makeblock\/\",\"name\":\"Makeblock Paraguay\",\"description\":\"Cursos de rob\\u00f3tica, v\\u00eddeojuegos, dise\\u00f1o gr\\u00e1fico para ni\\u00f1os y adolescentes.\",\"potentialAction\":[{\"@type\":\"SearchAction\",\"target\":\"https:\/\/www.steameducativo.com\/makeblock\/?s={search_term_string}\",\"query-input\":\"required name=search_term_string\"}],\"inLanguage\":\"es\"},{\"@type\":\"ImageObject\",\"@id\":\"https:\/\/www.steameducativo.com\/makeblock\/producto\/pack-adicional-para-mbot-interactive-light-sound\/#primaryimage\",\"inLanguage\":\"es\",\"url\":\"https:\/\/www.steameducativo.com\/makeblock\/wp-content\/uploads\/2017\/08\/Interactive-Light-Sound-img-destacada.jpg\",\"width\":800,\"height\":800},{\"@type\":\"WebPage\",\"@id\":\"https:\/\/www.steameducativo.com\/makeblock\/producto\/pack-adicional-para-mbot-interactive-light-sound\/#webpage\",\"url\":\"https:\/\/www.steameducativo.com\/makeblock\/producto\/pack-adicional-para-mbot-interactive-light-sound\/\",\"name\":\"Pack adicional para mBot - Interactive Light & Sound | Makeblock Paraguay\",\"isPartOf\":{\"@id\":\"https:\/\/www.steameducativo.com\/makeblock\/#website\"},\"primaryImageOfPage\":{\"@id\":\"https:\/\/www.steameducativo.com\/makeblock\/producto\/pack-adicional-para-mbot-interactive-light-sound\/#primaryimage\"},\"datePublished\":\"2017-08-30T15:07:55+00:00\",\"dateModified\":\"2020-02-28T01:59:38+00:00\",\"description\":\"Es un kit de extensi\\u00f3n para el mBot, que permite construir tres variables distintas. 1) Un robot que persiga la luz. 2) Un escorpi\\u00f3n. 3) Un robot que se active con el sonido generando una serie de luces.\",\"inLanguage\":\"es\",\"potentialAction\":[{\"@type\":\"ReadAction\",\"target\":[\"https:\/\/www.steameducativo.com\/makeblock\/producto\/pack-adicional-para-mbot-interactive-light-sound\/\"]}]}]}<\/script>\n<!-- \/ Yoast SEO plugin. -->","_links":{"self":[{"href":"https:\/\/www.steameducativo.com\/makeblock\/wp-json\/wp\/v2\/product\/447"}],"collection":[{"href":"https:\/\/www.steameducativo.com\/makeblock\/wp-json\/wp\/v2\/product"}],"about":[{"href":"https:\/\/www.steameducativo.com\/makeblock\/wp-json\/wp\/v2\/types\/product"}],"wp:featuredmedia":[{"embeddable":true,"href":"https:\/\/www.steameducativo.com\/makeblock\/wp-json\/wp\/v2\/media\/448"}],"wp:attachment":[{"href":"https:\/\/www.steameducativo.com\/makeblock\/wp-json\/wp\/v2\/media?parent=447"}],"curies":[{"name":"wp","href":"https:\/\/api.w.org\/{rel}","templated":true}]}}