{"id":807,"date":"2018-01-04T20:30:56","date_gmt":"2018-01-04T20:30:56","guid":{"rendered":"http:\/\/steameducativo.com\/makeblock\/?post_type=product&#038;p=807"},"modified":"2020-11-17T17:55:20","modified_gmt":"2020-11-17T17:55:20","slug":"pack-adicional-para-starter-complementos-electronicos","status":"publish","type":"product","link":"https:\/\/www.steameducativo.com\/makeblock\/producto\/pack-adicional-para-starter-complementos-electronicos\/","title":{"rendered":"Pack adicional para Starter &#8211; Complementos electr\u00f3nicos"},"content":{"rendered":"<p>Contiene 8 m\u00f3dulos electr\u00f3nicos. Con este paquete adicional junto a tu Starter Robot Kit, puedes crear grandes proyecto \u00a0y ampliar tus conocimientos en las \u00e1reas y disciplinas STEAM. Tambi\u00e9n puedes desarrollar varios proyectos complementarios con el<a href=\"http:\/\/steameducativo.com\/makeblock\/producto\/inventor-electronic-kit\/\" target=\"_blank\" rel=\"noopener noreferrer\"> <strong>Inventor Electronic Kit<\/strong>. <\/a><\/p>\n<p>&nbsp;<\/p>\n","protected":false},"excerpt":{"rendered":"<p>El Pack adicional de Complementos Electr\u00f3nicos se utiliza para ampliar tu <a style=\"text-decoration: underline;\" href=\"http:\/\/steameducativo.com\/makeblock\/producto\/starter-robot-kit\/\" target=\"_blank\" rel=\"noopener noreferrer\"><strong>Starter Robot Kit<\/strong><\/a> y dotarle de mayores funcionalidades, a la vez de aprender nuevos conocimientos y habilidades STEAM.<\/p>\n<p class=\"ocultar_precio\">\n<strong style=\"color:orange;padding-top:30px;display:none;\"> &#8211; Precio p\u00fablico:<\/strong> USD 47<br \/>\n<strong style=\"color:orange;display:none;\"> &#8211; Precio educativo:<\/strong> USD 42<\/p>\n","protected":false},"featured_media":1006,"template":"","meta":[],"yoast_head":"<!-- This site is optimized with the Yoast SEO plugin v14.4.1 - https:\/\/yoast.com\/wordpress\/plugins\/seo\/ -->\n<title>Pack adicional para Starter - Complementos electr\u00f3nicos | Makeblock Paraguay<\/title>\n<meta name=\"description\" content=\"El Pack adicional de Complementos Electr\u00f3nicos se utiliza para ampliar tu Starter Robot Kit y dotarle de mayores funcionalidades, a la vez de aprender nuevos conocimientos y habilidades STEAM.\" \/>\n<meta name=\"robots\" content=\"index, follow\" \/>\n<meta name=\"googlebot\" content=\"index, follow, max-snippet:-1, max-image-preview:large, max-video-preview:-1\" \/>\n<meta name=\"bingbot\" content=\"index, follow, max-snippet:-1, max-image-preview:large, max-video-preview:-1\" \/>\n<link rel=\"canonical\" href=\"https:\/\/www.steameducativo.com\/makeblock\/producto\/pack-adicional-para-starter-complementos-electronicos\/\" \/>\n<meta property=\"og:locale\" content=\"es_ES\" \/>\n<meta property=\"og:type\" content=\"article\" \/>\n<meta property=\"og:title\" content=\"Pack adicional para Starter - Complementos electr\u00f3nicos | Makeblock Paraguay\" \/>\n<meta property=\"og:description\" content=\"El Pack adicional de Complementos Electr\u00f3nicos se utiliza para ampliar tu Starter Robot Kit y dotarle de mayores funcionalidades, a la vez de aprender nuevos conocimientos y habilidades STEAM.\" \/>\n<meta property=\"og:url\" content=\"https:\/\/www.steameducativo.com\/makeblock\/producto\/pack-adicional-para-starter-complementos-electronicos\/\" \/>\n<meta property=\"og:site_name\" content=\"Makeblock Paraguay\" \/>\n<meta property=\"article:modified_time\" content=\"2020-11-17T17:55:20+00:00\" \/>\n<meta property=\"og:image\" content=\"https:\/\/www.steameducativo.com\/makeblock\/wp-content\/uploads\/2018\/01\/Starter-Complementos-electr\u00f3nicos-img-destacada.jpg\" \/>\n\t<meta property=\"og:image:width\" content=\"800\" \/>\n\t<meta property=\"og:image:height\" content=\"800\" \/>\n<meta name=\"twitter:card\" content=\"summary\" \/>\n<meta name=\"twitter:title\" content=\"Pack adicional para Starter - Complementos electr\u00f3nicos | Makeblock Paraguay\" \/>\n<meta name=\"twitter:description\" content=\"El Pack adicional de Complementos Electr\u00f3nicos se utiliza para ampliar tu Starter Robot Kit y dotarle de mayores funcionalidades, a la vez de aprender nuevos conocimientos y habilidades STEAM.\" \/>\n<script type=\"application\/ld+json\" class=\"yoast-schema-graph\">{\"@context\":\"https:\/\/schema.org\",\"@graph\":[{\"@type\":\"WebSite\",\"@id\":\"https:\/\/www.steameducativo.com\/makeblock\/#website\",\"url\":\"https:\/\/www.steameducativo.com\/makeblock\/\",\"name\":\"Makeblock Paraguay\",\"description\":\"Cursos de rob\\u00f3tica, v\\u00eddeojuegos, dise\\u00f1o gr\\u00e1fico para ni\\u00f1os y adolescentes.\",\"potentialAction\":[{\"@type\":\"SearchAction\",\"target\":\"https:\/\/www.steameducativo.com\/makeblock\/?s={search_term_string}\",\"query-input\":\"required name=search_term_string\"}],\"inLanguage\":\"es\"},{\"@type\":\"ImageObject\",\"@id\":\"https:\/\/www.steameducativo.com\/makeblock\/producto\/pack-adicional-para-starter-complementos-electronicos\/#primaryimage\",\"inLanguage\":\"es\",\"url\":\"https:\/\/www.steameducativo.com\/makeblock\/wp-content\/uploads\/2018\/01\/Starter-Complementos-electr\\u00f3nicos-img-destacada.jpg\",\"width\":800,\"height\":800},{\"@type\":\"WebPage\",\"@id\":\"https:\/\/www.steameducativo.com\/makeblock\/producto\/pack-adicional-para-starter-complementos-electronicos\/#webpage\",\"url\":\"https:\/\/www.steameducativo.com\/makeblock\/producto\/pack-adicional-para-starter-complementos-electronicos\/\",\"name\":\"Pack adicional para Starter - Complementos electr\\u00f3nicos | Makeblock Paraguay\",\"isPartOf\":{\"@id\":\"https:\/\/www.steameducativo.com\/makeblock\/#website\"},\"primaryImageOfPage\":{\"@id\":\"https:\/\/www.steameducativo.com\/makeblock\/producto\/pack-adicional-para-starter-complementos-electronicos\/#primaryimage\"},\"datePublished\":\"2018-01-04T20:30:56+00:00\",\"dateModified\":\"2020-11-17T17:55:20+00:00\",\"description\":\"El Pack adicional de Complementos Electr\\u00f3nicos se utiliza para ampliar tu Starter Robot Kit y dotarle de mayores funcionalidades, a la vez de aprender nuevos conocimientos y habilidades STEAM.\",\"inLanguage\":\"es\",\"potentialAction\":[{\"@type\":\"ReadAction\",\"target\":[\"https:\/\/www.steameducativo.com\/makeblock\/producto\/pack-adicional-para-starter-complementos-electronicos\/\"]}]}]}<\/script>\n<!-- \/ Yoast SEO plugin. -->","_links":{"self":[{"href":"https:\/\/www.steameducativo.com\/makeblock\/wp-json\/wp\/v2\/product\/807"}],"collection":[{"href":"https:\/\/www.steameducativo.com\/makeblock\/wp-json\/wp\/v2\/product"}],"about":[{"href":"https:\/\/www.steameducativo.com\/makeblock\/wp-json\/wp\/v2\/types\/product"}],"wp:featuredmedia":[{"embeddable":true,"href":"https:\/\/www.steameducativo.com\/makeblock\/wp-json\/wp\/v2\/media\/1006"}],"wp:attachment":[{"href":"https:\/\/www.steameducativo.com\/makeblock\/wp-json\/wp\/v2\/media?parent=807"}],"curies":[{"name":"wp","href":"https:\/\/api.w.org\/{rel}","templated":true}]}}